{"id":1036,"date":"2025-08-26T16:38:00","date_gmt":"2025-08-26T19:38:00","guid":{"rendered":"https:\/\/thesafeway.com.br\/?page_id=1036"},"modified":"2025-11-11T15:02:25","modified_gmt":"2025-11-11T18:02:25","slug":"topazio-powered-by-safeway","status":"publish","type":"page","link":"https:\/\/thesafeway.com.br\/en\/topazio-powered-by-safeway\/","title":{"rendered":"Topazio powered by SafeWay"},"content":{"rendered":"<div data-elementor-type=\"wp-page\" data-elementor-id=\"1036\" class=\"elementor elementor-1036\" data-elementor-post-type=\"page\">\n\t\t\t\t<div class=\"elementor-element elementor-element-f91dd38 e-flex e-con-boxed e-con e-parent\" data-id=\"f91dd38\" data-element_type=\"container\" data-e-type=\"container\">\n\t\t\t\t\t<div class=\"e-con-inner\">\n\t\t\t\t<div class=\"elementor-element elementor-element-ed7fba5 elementor-widget elementor-widget-spacer\" data-id=\"ed7fba5\" data-element_type=\"widget\" data-e-type=\"widget\" data-widget_type=\"spacer.default\">\n\t\t\t\t\t\t\t<div class=\"elementor-spacer\">\n\t\t\t<div class=\"elementor-spacer-inner\"><\/div>\n\t\t<\/div>\n\t\t\t\t\t\t<\/div>\n\t\t\t\t<div class=\"elementor-element elementor-element-e32dbfd elementor-widget elementor-widget-image\" data-id=\"e32dbfd\" data-element_type=\"widget\" data-e-type=\"widget\" data-widget_type=\"image.default\">\n\t\t\t\t\t\t\t\t\t\t\t\t\t\t\t<img fetchpriority=\"high\" decoding=\"async\" width=\"1000\" height=\"380\" src=\"https:\/\/thesafeway.com.br\/wp-content\/uploads\/2025\/09\/BT-SafeWay-escuro.png\" class=\"attachment-full size-full wp-image-1918\" alt=\"\" srcset=\"https:\/\/thesafeway.com.br\/wp-content\/uploads\/2025\/09\/BT-SafeWay-escuro.png 1000w, https:\/\/thesafeway.com.br\/wp-content\/uploads\/2025\/09\/BT-SafeWay-escuro-300x114.png 300w, https:\/\/thesafeway.com.br\/wp-content\/uploads\/2025\/09\/BT-SafeWay-escuro-768x292.png 768w\" sizes=\"(max-width: 1000px) 100vw, 1000px\" \/>\t\t\t\t\t\t\t\t\t\t\t\t\t\t\t<\/div>\n\t\t\t\t<div class=\"elementor-element elementor-element-fc0390e elementor-widget elementor-widget-text-editor\" data-id=\"fc0390e\" data-element_type=\"widget\" data-e-type=\"widget\" data-widget_type=\"text-editor.default\">\n\t\t\t\t\t\t\t\t\t<p>A <strong>Safeway<\/strong> e o <strong>Banco Top\u00e1zio<\/strong> uniram for\u00e7as para oferecer a melhor infraestrutura financeira ao setor de apostas digitais no Brasil.<\/p>\t\t\t\t\t\t\t\t<\/div>\n\t\t\t\t<div class=\"elementor-element elementor-element-b91c87e elementor-widget elementor-widget-text-editor\" data-id=\"b91c87e\" data-element_type=\"widget\" data-e-type=\"widget\" data-widget_type=\"text-editor.default\">\n\t\t\t\t\t\t\t\t\t<p>Essa parceria combina a solidez financeira e a expertise cambial do Top\u00e1zio com a tecnologia propriet\u00e1ria e o ecossistema de pagamentos da Safeway, criando uma oferta robusta e integrada para operadores e plataformas que movimentam grandes volumes de transa\u00e7\u00f5es.<\/p>\t\t\t\t\t\t\t\t<\/div>\n\t\t\t\t\t<\/div>\n\t\t\t\t<\/div>\n\t\t<div class=\"elementor-element elementor-element-b824e33 e-flex e-con-boxed e-con e-parent\" data-id=\"b824e33\" data-element_type=\"container\" data-e-type=\"container\">\n\t\t\t\t\t<div class=\"e-con-inner\">\n\t\t\t\t<div class=\"elementor-element elementor-element-855cd27 elementor-widget elementor-widget-spacer\" data-id=\"855cd27\" data-element_type=\"widget\" data-e-type=\"widget\" data-widget_type=\"spacer.default\">\n\t\t\t\t\t\t\t<div class=\"elementor-spacer\">\n\t\t\t<div class=\"elementor-spacer-inner\"><\/div>\n\t\t<\/div>\n\t\t\t\t\t\t<\/div>\n\t\t\t\t<div class=\"elementor-element elementor-element-6484906 elementor-widget elementor-widget-heading\" data-id=\"6484906\" data-element_type=\"widget\" data-e-type=\"widget\" data-widget_type=\"heading.default\">\n\t\t\t\t\t<h2 class=\"elementor-heading-title elementor-size-default\">Um novo patamar para o mercado de apostas<\/h2>\t\t\t\t<\/div>\n\t\t\t\t<div class=\"elementor-element elementor-element-016717b elementor-align-start elementor-icon-list--layout-traditional elementor-list-item-link-full_width elementor-widget elementor-widget-icon-list\" data-id=\"016717b\" data-element_type=\"widget\" data-e-type=\"widget\" data-widget_type=\"icon-list.default\">\n\t\t\t\t\t\t\t<ul class=\"elementor-icon-list-items\">\n\t\t\t\t\t\t\t<li class=\"elementor-icon-list-item\">\n\t\t\t\t\t\t\t\t\t\t\t<span class=\"elementor-icon-list-icon\">\n\t\t\t\t\t\t\t<svg aria-hidden=\"true\" class=\"e-font-icon-svg e-fas-chevron-right\" viewbox=\"0 0 320 512\" xmlns=\"http:\/\/www.w3.org\/2000\/svg\"><path d=\"M285.476 272.971L91.132 467.314c-9.373 9.373-24.569 9.373-33.941 0l-22.667-22.667c-9.357-9.357-9.375-24.522-.04-33.901L188.505 256 34.484 101.255c-9.335-9.379-9.317-24.544.04-33.901l22.667-22.667c9.373-9.373 24.569-9.373 33.941 0L285.475 239.03c9.373 9.372 9.373 24.568.001 33.941z\"><\/path><\/svg>\t\t\t\t\t\t<\/span>\n\t\t\t\t\t\t\t\t\t\t<span class=\"elementor-icon-list-text\">Contas transacionais e propriet\u00e1rias para gest\u00e3o completa de entradas e sa\u00eddas.<\/span>\n\t\t\t\t\t\t\t\t\t<\/li>\n\t\t\t\t\t\t\t\t<li class=\"elementor-icon-list-item\">\n\t\t\t\t\t\t\t\t\t\t\t<span class=\"elementor-icon-list-icon\">\n\t\t\t\t\t\t\t<svg aria-hidden=\"true\" class=\"e-font-icon-svg e-fas-chevron-right\" viewbox=\"0 0 320 512\" xmlns=\"http:\/\/www.w3.org\/2000\/svg\"><path d=\"M285.476 272.971L91.132 467.314c-9.373 9.373-24.569 9.373-33.941 0l-22.667-22.667c-9.357-9.357-9.375-24.522-.04-33.901L188.505 256 34.484 101.255c-9.335-9.379-9.317-24.544.04-33.901l22.667-22.667c9.373-9.373 24.569-9.373 33.941 0L285.475 239.03c9.373 9.372 9.373 24.568.001 33.941z\"><\/path><\/svg>\t\t\t\t\t\t<\/span>\n\t\t\t\t\t\t\t\t\t\t<span class=\"elementor-icon-list-text\">C\u00e2mbio integrado, com agilidade e seguran\u00e7a em opera\u00e7\u00f5es internacionais.<\/span>\n\t\t\t\t\t\t\t\t\t<\/li>\n\t\t\t\t\t\t\t\t<li class=\"elementor-icon-list-item\">\n\t\t\t\t\t\t\t\t\t\t\t<span class=\"elementor-icon-list-icon\">\n\t\t\t\t\t\t\t<svg aria-hidden=\"true\" class=\"e-font-icon-svg e-fas-chevron-right\" viewbox=\"0 0 320 512\" xmlns=\"http:\/\/www.w3.org\/2000\/svg\"><path d=\"M285.476 272.971L91.132 467.314c-9.373 9.373-24.569 9.373-33.941 0l-22.667-22.667c-9.357-9.357-9.375-24.522-.04-33.901L188.505 256 34.484 101.255c-9.335-9.379-9.317-24.544.04-33.901l22.667-22.667c9.373-9.373 24.569-9.373 33.941 0L285.475 239.03c9.373 9.372 9.373 24.568.001 33.941z\"><\/path><\/svg>\t\t\t\t\t\t<\/span>\n\t\t\t\t\t\t\t\t\t\t<span class=\"elementor-icon-list-text\">Reserva financeira e investimentos adaptados \u00e0s exig\u00eancias regulat\u00f3rias brasileiras.<\/span>\n\t\t\t\t\t\t\t\t\t<\/li>\n\t\t\t\t\t\t\t\t<li class=\"elementor-icon-list-item\">\n\t\t\t\t\t\t\t\t\t\t\t<span class=\"elementor-icon-list-icon\">\n\t\t\t\t\t\t\t<svg aria-hidden=\"true\" class=\"e-font-icon-svg e-fas-chevron-right\" viewbox=\"0 0 320 512\" xmlns=\"http:\/\/www.w3.org\/2000\/svg\"><path d=\"M285.476 272.971L91.132 467.314c-9.373 9.373-24.569 9.373-33.941 0l-22.667-22.667c-9.357-9.357-9.375-24.522-.04-33.901L188.505 256 34.484 101.255c-9.335-9.379-9.317-24.544.04-33.901l22.667-22.667c9.373-9.373 24.569-9.373 33.941 0L285.475 239.03c9.373 9.372 9.373 24.568.001 33.941z\"><\/path><\/svg>\t\t\t\t\t\t<\/span>\n\t\t\t\t\t\t\t\t\t\t<span class=\"elementor-icon-list-text\">Integra\u00e7\u00e3o via API, com alta disponibilidade e tecnologia propriet\u00e1ria.<\/span>\n\t\t\t\t\t\t\t\t\t<\/li>\n\t\t\t\t\t\t\t\t<li class=\"elementor-icon-list-item\">\n\t\t\t\t\t\t\t\t\t\t\t<span class=\"elementor-icon-list-icon\">\n\t\t\t\t\t\t\t<svg aria-hidden=\"true\" class=\"e-font-icon-svg e-fas-chevron-right\" viewbox=\"0 0 320 512\" xmlns=\"http:\/\/www.w3.org\/2000\/svg\"><path d=\"M285.476 272.971L91.132 467.314c-9.373 9.373-24.569 9.373-33.941 0l-22.667-22.667c-9.357-9.357-9.375-24.522-.04-33.901L188.505 256 34.484 101.255c-9.335-9.379-9.317-24.544.04-33.901l22.667-22.667c9.373-9.373 24.569-9.373 33.941 0L285.475 239.03c9.373 9.372 9.373 24.568.001 33.941z\"><\/path><\/svg>\t\t\t\t\t\t<\/span>\n\t\t\t\t\t\t\t\t\t\t<span class=\"elementor-icon-list-text\">Atendimento consultivo 24\/7, garantindo proximidade e suporte especializado.<\/span>\n\t\t\t\t\t\t\t\t\t<\/li>\n\t\t\t\t\t\t\t\t<li class=\"elementor-icon-list-item\">\n\t\t\t\t\t\t\t\t\t\t\t<span class=\"elementor-icon-list-icon\">\n\t\t\t\t\t\t\t<svg aria-hidden=\"true\" class=\"e-font-icon-svg e-fas-chevron-right\" viewbox=\"0 0 320 512\" xmlns=\"http:\/\/www.w3.org\/2000\/svg\"><path d=\"M285.476 272.971L91.132 467.314c-9.373 9.373-24.569 9.373-33.941 0l-22.667-22.667c-9.357-9.357-9.375-24.522-.04-33.901L188.505 256 34.484 101.255c-9.335-9.379-9.317-24.544.04-33.901l22.667-22.667c9.373-9.373 24.569-9.373 33.941 0L285.475 239.03c9.373 9.372 9.373 24.568.001 33.941z\"><\/path><\/svg>\t\t\t\t\t\t<\/span>\n\t\t\t\t\t\t\t\t\t\t<span class=\"elementor-icon-list-text\">Painel Merchant para gest\u00e3o em tempo real de transa\u00e7\u00f5es, extratos e relat\u00f3rios.<\/span>\n\t\t\t\t\t\t\t\t\t<\/li>\n\t\t\t\t\t\t<\/ul>\n\t\t\t\t\t\t<\/div>\n\t\t\t\t<div class=\"elementor-element elementor-element-ebecb00 elementor-widget elementor-widget-spacer\" data-id=\"ebecb00\" data-element_type=\"widget\" data-e-type=\"widget\" data-widget_type=\"spacer.default\">\n\t\t\t\t\t\t\t<div class=\"elementor-spacer\">\n\t\t\t<div class=\"elementor-spacer-inner\"><\/div>\n\t\t<\/div>\n\t\t\t\t\t\t<\/div>\n\t\t\t\t\t<\/div>\n\t\t\t\t<\/div>\n\t\t<div class=\"elementor-element elementor-element-3141d1f e-flex e-con-boxed e-con e-parent\" data-id=\"3141d1f\" data-element_type=\"container\" data-e-type=\"container\">\n\t\t\t\t\t<div class=\"e-con-inner\">\n\t\t\t\t<div class=\"elementor-element elementor-element-b44c9aa elementor-widget elementor-widget-testimonial\" data-id=\"b44c9aa\" data-element_type=\"widget\" data-e-type=\"widget\" data-widget_type=\"testimonial.default\">\n\t\t\t\t\t\t\t<div class=\"elementor-testimonial-wrapper\">\n\t\t\t\t\t\t\t<div class=\"elementor-testimonial-content\">\u201cMais do que um meio de pagamento, a Safeway \u00e9 parceira estrat\u00e9gica de empresas que operam em mercados especializados e de alta complexidade. Ao lado do Banco Top\u00e1zio, refor\u00e7amos nossa miss\u00e3o de entregar infraestrutura financeira s\u00f3lida e inovadora para o futuro das apostas digitais no Brasil.\u201d\n<\/div>\n\t\t\t\n\t\t\t\t\t\t<div class=\"elementor-testimonial-meta elementor-has-image elementor-testimonial-image-position-aside\">\n\t\t\t\t<div class=\"elementor-testimonial-meta-inner\">\n\t\t\t\t\t\t\t\t\t\t\t<div class=\"elementor-testimonial-image\">\n\t\t\t\t\t\t\t<img decoding=\"async\" width=\"200\" height=\"199\" src=\"https:\/\/thesafeway.com.br\/wp-content\/uploads\/2025\/08\/Vinicius-Cipullo.jpg\" class=\"attachment-full size-full wp-image-1060\" alt=\"\" srcset=\"https:\/\/thesafeway.com.br\/wp-content\/uploads\/2025\/08\/Vinicius-Cipullo.jpg 200w, https:\/\/thesafeway.com.br\/wp-content\/uploads\/2025\/08\/Vinicius-Cipullo-150x150.jpg 150w\" sizes=\"(max-width: 200px) 100vw, 200px\" \/>\t\t\t\t\t\t<\/div>\n\t\t\t\t\t\n\t\t\t\t\t\t\t\t\t\t<div class=\"elementor-testimonial-details\">\n\t\t\t\t\t\t\t\t\t\t\t\t\t\t<div class=\"elementor-testimonial-name\">Vinicius Cipullo<\/div>\n\t\t\t\t\t\t\t\t\t\t\t\t\t\t\t\t\t\t\t\t\t\t<div class=\"elementor-testimonial-job\">CEO Safeway<\/div>\n\t\t\t\t\t\t\t\t\t\t\t\t\t<\/div>\n\t\t\t\t\t\t\t\t\t<\/div>\n\t\t\t<\/div>\n\t\t\t\t\t<\/div>\n\t\t\t\t\t\t<\/div>\n\t\t\t\t<div class=\"elementor-element elementor-element-faf4e1c elementor-widget elementor-widget-spacer\" data-id=\"faf4e1c\" data-element_type=\"widget\" data-e-type=\"widget\" data-widget_type=\"spacer.default\">\n\t\t\t\t\t\t\t<div class=\"elementor-spacer\">\n\t\t\t<div class=\"elementor-spacer-inner\"><\/div>\n\t\t<\/div>\n\t\t\t\t\t\t<\/div>\n\t\t\t\t<div class=\"elementor-element elementor-element-62349be elementor-widget elementor-widget-testimonial\" data-id=\"62349be\" data-element_type=\"widget\" data-e-type=\"widget\" data-widget_type=\"testimonial.default\">\n\t\t\t\t\t\t\t<div class=\"elementor-testimonial-wrapper\">\n\t\t\t\t\t\t\t<div class=\"elementor-testimonial-content\">\u201cA uni\u00e3o com a Safeway representa exatamente como enxergamos o futuro dos servi\u00e7os financeiros: parcerias estrat\u00e9gicas que ampliam nossa capacidade de entregar solu\u00e7\u00f5es robustas e customizadas. <br>Estamos preparados para apoiar o crescimento sustent\u00e1vel do iGaming no Brasil.\u201d\n<\/div>\n\t\t\t\n\t\t\t\t\t\t<div class=\"elementor-testimonial-meta elementor-has-image elementor-testimonial-image-position-aside\">\n\t\t\t\t<div class=\"elementor-testimonial-meta-inner\">\n\t\t\t\t\t\t\t\t\t\t\t<div class=\"elementor-testimonial-image\">\n\t\t\t\t\t\t\t<img decoding=\"async\" width=\"200\" height=\"200\" src=\"https:\/\/thesafeway.com.br\/wp-content\/uploads\/2025\/08\/Haroldo-Stumpf.jpg\" class=\"attachment-full size-full wp-image-1061\" alt=\"\" srcset=\"https:\/\/thesafeway.com.br\/wp-content\/uploads\/2025\/08\/Haroldo-Stumpf.jpg 200w, https:\/\/thesafeway.com.br\/wp-content\/uploads\/2025\/08\/Haroldo-Stumpf-150x150.jpg 150w\" sizes=\"(max-width: 200px) 100vw, 200px\" \/>\t\t\t\t\t\t<\/div>\n\t\t\t\t\t\n\t\t\t\t\t\t\t\t\t\t<div class=\"elementor-testimonial-details\">\n\t\t\t\t\t\t\t\t\t\t\t\t\t\t<div class=\"elementor-testimonial-name\">Haroldo Stumpf<\/div>\n\t\t\t\t\t\t\t\t\t\t\t\t\t\t\t\t\t\t\t\t\t\t<div class=\"elementor-testimonial-job\">CEO Banco Top\u00e1zio<\/div>\n\t\t\t\t\t\t\t\t\t\t\t\t\t<\/div>\n\t\t\t\t\t\t\t\t\t<\/div>\n\t\t\t<\/div>\n\t\t\t\t\t<\/div>\n\t\t\t\t\t\t<\/div>\n\t\t\t\t\t<\/div>\n\t\t\t\t<\/div>\n\t\t<div class=\"elementor-element elementor-element-b67564d e-flex e-con-boxed e-con e-parent\" data-id=\"b67564d\" data-element_type=\"container\" data-e-type=\"container\">\n\t\t\t\t\t<div class=\"e-con-inner\">\n\t\t\t\t<div class=\"elementor-element elementor-element-aed3003 elementor-widget elementor-widget-spacer\" data-id=\"aed3003\" data-element_type=\"widget\" data-e-type=\"widget\" data-widget_type=\"spacer.default\">\n\t\t\t\t\t\t\t<div class=\"elementor-spacer\">\n\t\t\t<div class=\"elementor-spacer-inner\"><\/div>\n\t\t<\/div>\n\t\t\t\t\t\t<\/div>\n\t\t\t\t\t<\/div>\n\t\t\t\t<\/div>\n\t\t\t\t<\/div>","protected":false},"excerpt":{"rendered":"<p>A Safeway e o Banco Top\u00e1zio uniram for\u00e7as para oferecer a melhor infraestrutura financeira ao setor de apostas digitais no Brasil. Essa parceria combina a solidez financeira e a expertise cambial do Top\u00e1zio com a tecnologia propriet\u00e1ria e o ecossistema de pagamentos da Safeway, criando uma oferta robusta e integrada para operadores e plataformas que [&hellip;]<\/p>\n","protected":false},"author":1,"featured_media":801,"parent":0,"menu_order":0,"comment_status":"closed","ping_status":"closed","template":"","meta":{"footnotes":""},"class_list":["post-1036","page","type-page","status-publish","has-post-thumbnail","hentry"],"yoast_head":"<!-- This site is optimized with the Yoast SEO plugin v27.3 - https:\/\/yoast.com\/product\/yoast-seo-wordpress\/ -->\n<title>Topazio powered by SafeWay - SafeWay<\/title>\n<meta name=\"robots\" content=\"index, follow, max-snippet:-1, max-image-preview:large, max-video-preview:-1\" \/>\n<link rel=\"canonical\" href=\"https:\/\/thesafeway.com.br\/en\/topazio-powered-by-safeway\/\" \/>\n<meta property=\"og:locale\" content=\"en_US\" \/>\n<meta property=\"og:type\" content=\"article\" \/>\n<meta property=\"og:title\" content=\"Topazio powered by SafeWay - SafeWay\" \/>\n<meta property=\"og:description\" content=\"A Safeway e o Banco Top\u00e1zio uniram for\u00e7as para oferecer a melhor infraestrutura financeira ao setor de apostas digitais no Brasil. Essa parceria combina a solidez financeira e a expertise cambial do Top\u00e1zio com a tecnologia propriet\u00e1ria e o ecossistema de pagamentos da Safeway, criando uma oferta robusta e integrada para operadores e plataformas que [&hellip;]\" \/>\n<meta property=\"og:url\" content=\"https:\/\/thesafeway.com.br\/en\/topazio-powered-by-safeway\/\" \/>\n<meta property=\"og:site_name\" content=\"SafeWay\" \/>\n<meta property=\"article:modified_time\" content=\"2025-11-11T18:02:25+00:00\" \/>\n<meta property=\"og:image\" content=\"https:\/\/thesafeway.com.br\/wp-content\/uploads\/2025\/08\/Ico-Safeway-512.png\" \/>\n\t<meta property=\"og:image:width\" content=\"512\" \/>\n\t<meta property=\"og:image:height\" content=\"512\" \/>\n\t<meta property=\"og:image:type\" content=\"image\/png\" \/>\n<meta name=\"twitter:card\" content=\"summary_large_image\" \/>\n<meta name=\"twitter:label1\" content=\"Est. reading time\" \/>\n\t<meta name=\"twitter:data1\" content=\"2 minutes\" \/>\n<script type=\"application\/ld+json\" class=\"yoast-schema-graph\">{\"@context\":\"https:\\\/\\\/schema.org\",\"@graph\":[{\"@type\":\"WebPage\",\"@id\":\"https:\\\/\\\/thesafeway.com.br\\\/topazio-powered-by-safeway\\\/\",\"url\":\"https:\\\/\\\/thesafeway.com.br\\\/topazio-powered-by-safeway\\\/\",\"name\":\"Topazio powered by SafeWay - SafeWay\",\"isPartOf\":{\"@id\":\"https:\\\/\\\/thesafeway.com.br\\\/#website\"},\"primaryImageOfPage\":{\"@id\":\"https:\\\/\\\/thesafeway.com.br\\\/topazio-powered-by-safeway\\\/#primaryimage\"},\"image\":{\"@id\":\"https:\\\/\\\/thesafeway.com.br\\\/topazio-powered-by-safeway\\\/#primaryimage\"},\"thumbnailUrl\":\"https:\\\/\\\/thesafeway.com.br\\\/wp-content\\\/uploads\\\/2025\\\/08\\\/Ico-Safeway-512.png\",\"datePublished\":\"2025-08-26T19:38:00+00:00\",\"dateModified\":\"2025-11-11T18:02:25+00:00\",\"breadcrumb\":{\"@id\":\"https:\\\/\\\/thesafeway.com.br\\\/topazio-powered-by-safeway\\\/#breadcrumb\"},\"inLanguage\":\"en-US\",\"potentialAction\":[{\"@type\":\"ReadAction\",\"target\":[\"https:\\\/\\\/thesafeway.com.br\\\/topazio-powered-by-safeway\\\/\"]}]},{\"@type\":\"ImageObject\",\"inLanguage\":\"en-US\",\"@id\":\"https:\\\/\\\/thesafeway.com.br\\\/topazio-powered-by-safeway\\\/#primaryimage\",\"url\":\"https:\\\/\\\/thesafeway.com.br\\\/wp-content\\\/uploads\\\/2025\\\/08\\\/Ico-Safeway-512.png\",\"contentUrl\":\"https:\\\/\\\/thesafeway.com.br\\\/wp-content\\\/uploads\\\/2025\\\/08\\\/Ico-Safeway-512.png\",\"width\":512,\"height\":512},{\"@type\":\"BreadcrumbList\",\"@id\":\"https:\\\/\\\/thesafeway.com.br\\\/topazio-powered-by-safeway\\\/#breadcrumb\",\"itemListElement\":[{\"@type\":\"ListItem\",\"position\":1,\"name\":\"In\u00edcio\",\"item\":\"https:\\\/\\\/thesafeway.com.br\\\/\"},{\"@type\":\"ListItem\",\"position\":2,\"name\":\"Topazio powered by SafeWay\"}]},{\"@type\":\"WebSite\",\"@id\":\"https:\\\/\\\/thesafeway.com.br\\\/#website\",\"url\":\"https:\\\/\\\/thesafeway.com.br\\\/\",\"name\":\"SafeWay\",\"description\":\"Servi\u00e7os de Pagamento\",\"publisher\":{\"@id\":\"https:\\\/\\\/thesafeway.com.br\\\/#organization\"},\"potentialAction\":[{\"@type\":\"SearchAction\",\"target\":{\"@type\":\"EntryPoint\",\"urlTemplate\":\"https:\\\/\\\/thesafeway.com.br\\\/?s={search_term_string}\"},\"query-input\":{\"@type\":\"PropertyValueSpecification\",\"valueRequired\":true,\"valueName\":\"search_term_string\"}}],\"inLanguage\":\"en-US\"},{\"@type\":\"Organization\",\"@id\":\"https:\\\/\\\/thesafeway.com.br\\\/#organization\",\"name\":\"Safe Way Gest\u00e3o de Recursos Financeiros\",\"url\":\"https:\\\/\\\/thesafeway.com.br\\\/\",\"logo\":{\"@type\":\"ImageObject\",\"inLanguage\":\"en-US\",\"@id\":\"https:\\\/\\\/thesafeway.com.br\\\/#\\\/schema\\\/logo\\\/image\\\/\",\"url\":\"https:\\\/\\\/thesafeway.com.br\\\/wp-content\\\/uploads\\\/2025\\\/10\\\/Logo-Safeway-1200.png\",\"contentUrl\":\"https:\\\/\\\/thesafeway.com.br\\\/wp-content\\\/uploads\\\/2025\\\/10\\\/Logo-Safeway-1200.png\",\"width\":1200,\"height\":340,\"caption\":\"Safe Way Gest\u00e3o de Recursos Financeiros\"},\"image\":{\"@id\":\"https:\\\/\\\/thesafeway.com.br\\\/#\\\/schema\\\/logo\\\/image\\\/\"},\"sameAs\":[\"https:\\\/\\\/www.linkedin.com\\\/company\\\/safewaypagamentos\\\/\",\"https:\\\/\\\/www.instagram.com\\\/safewaypagamentos\\\/\"]}]}<\/script>\n<!-- \/ Yoast SEO plugin. -->","yoast_head_json":{"title":"Topazio powered by SafeWay - SafeWay","robots":{"index":"index","follow":"follow","max-snippet":"max-snippet:-1","max-image-preview":"max-image-preview:large","max-video-preview":"max-video-preview:-1"},"canonical":"https:\/\/thesafeway.com.br\/en\/topazio-powered-by-safeway\/","og_locale":"en_US","og_type":"article","og_title":"Topazio powered by SafeWay - SafeWay","og_description":"A Safeway e o Banco Top\u00e1zio uniram for\u00e7as para oferecer a melhor infraestrutura financeira ao setor de apostas digitais no Brasil. Essa parceria combina a solidez financeira e a expertise cambial do Top\u00e1zio com a tecnologia propriet\u00e1ria e o ecossistema de pagamentos da Safeway, criando uma oferta robusta e integrada para operadores e plataformas que [&hellip;]","og_url":"https:\/\/thesafeway.com.br\/en\/topazio-powered-by-safeway\/","og_site_name":"SafeWay","article_modified_time":"2025-11-11T18:02:25+00:00","og_image":[{"width":512,"height":512,"url":"https:\/\/thesafeway.com.br\/wp-content\/uploads\/2025\/08\/Ico-Safeway-512.png","type":"image\/png"}],"twitter_card":"summary_large_image","twitter_misc":{"Est. reading time":"2 minutes"},"schema":{"@context":"https:\/\/schema.org","@graph":[{"@type":"WebPage","@id":"https:\/\/thesafeway.com.br\/topazio-powered-by-safeway\/","url":"https:\/\/thesafeway.com.br\/topazio-powered-by-safeway\/","name":"Topazio powered by SafeWay - SafeWay","isPartOf":{"@id":"https:\/\/thesafeway.com.br\/#website"},"primaryImageOfPage":{"@id":"https:\/\/thesafeway.com.br\/topazio-powered-by-safeway\/#primaryimage"},"image":{"@id":"https:\/\/thesafeway.com.br\/topazio-powered-by-safeway\/#primaryimage"},"thumbnailUrl":"https:\/\/thesafeway.com.br\/wp-content\/uploads\/2025\/08\/Ico-Safeway-512.png","datePublished":"2025-08-26T19:38:00+00:00","dateModified":"2025-11-11T18:02:25+00:00","breadcrumb":{"@id":"https:\/\/thesafeway.com.br\/topazio-powered-by-safeway\/#breadcrumb"},"inLanguage":"en-US","potentialAction":[{"@type":"ReadAction","target":["https:\/\/thesafeway.com.br\/topazio-powered-by-safeway\/"]}]},{"@type":"ImageObject","inLanguage":"en-US","@id":"https:\/\/thesafeway.com.br\/topazio-powered-by-safeway\/#primaryimage","url":"https:\/\/thesafeway.com.br\/wp-content\/uploads\/2025\/08\/Ico-Safeway-512.png","contentUrl":"https:\/\/thesafeway.com.br\/wp-content\/uploads\/2025\/08\/Ico-Safeway-512.png","width":512,"height":512},{"@type":"BreadcrumbList","@id":"https:\/\/thesafeway.com.br\/topazio-powered-by-safeway\/#breadcrumb","itemListElement":[{"@type":"ListItem","position":1,"name":"In\u00edcio","item":"https:\/\/thesafeway.com.br\/"},{"@type":"ListItem","position":2,"name":"Topazio powered by SafeWay"}]},{"@type":"WebSite","@id":"https:\/\/thesafeway.com.br\/#website","url":"https:\/\/thesafeway.com.br\/","name":"SafeWay","description":"Servi\u00e7os de Pagamento","publisher":{"@id":"https:\/\/thesafeway.com.br\/#organization"},"potentialAction":[{"@type":"SearchAction","target":{"@type":"EntryPoint","urlTemplate":"https:\/\/thesafeway.com.br\/?s={search_term_string}"},"query-input":{"@type":"PropertyValueSpecification","valueRequired":true,"valueName":"search_term_string"}}],"inLanguage":"en-US"},{"@type":"Organization","@id":"https:\/\/thesafeway.com.br\/#organization","name":"Safe Way Gest\u00e3o de Recursos Financeiros","url":"https:\/\/thesafeway.com.br\/","logo":{"@type":"ImageObject","inLanguage":"en-US","@id":"https:\/\/thesafeway.com.br\/#\/schema\/logo\/image\/","url":"https:\/\/thesafeway.com.br\/wp-content\/uploads\/2025\/10\/Logo-Safeway-1200.png","contentUrl":"https:\/\/thesafeway.com.br\/wp-content\/uploads\/2025\/10\/Logo-Safeway-1200.png","width":1200,"height":340,"caption":"Safe Way Gest\u00e3o de Recursos Financeiros"},"image":{"@id":"https:\/\/thesafeway.com.br\/#\/schema\/logo\/image\/"},"sameAs":["https:\/\/www.linkedin.com\/company\/safewaypagamentos\/","https:\/\/www.instagram.com\/safewaypagamentos\/"]}]}},"_links":{"self":[{"href":"https:\/\/thesafeway.com.br\/en\/wp-json\/wp\/v2\/pages\/1036","targetHints":{"allow":["GET"]}}],"collection":[{"href":"https:\/\/thesafeway.com.br\/en\/wp-json\/wp\/v2\/pages"}],"about":[{"href":"https:\/\/thesafeway.com.br\/en\/wp-json\/wp\/v2\/types\/page"}],"author":[{"embeddable":true,"href":"https:\/\/thesafeway.com.br\/en\/wp-json\/wp\/v2\/users\/1"}],"replies":[{"embeddable":true,"href":"https:\/\/thesafeway.com.br\/en\/wp-json\/wp\/v2\/comments?post=1036"}],"version-history":[{"count":113,"href":"https:\/\/thesafeway.com.br\/en\/wp-json\/wp\/v2\/pages\/1036\/revisions"}],"predecessor-version":[{"id":2914,"href":"https:\/\/thesafeway.com.br\/en\/wp-json\/wp\/v2\/pages\/1036\/revisions\/2914"}],"wp:featuredmedia":[{"embeddable":true,"href":"https:\/\/thesafeway.com.br\/en\/wp-json\/wp\/v2\/media\/801"}],"wp:attachment":[{"href":"https:\/\/thesafeway.com.br\/en\/wp-json\/wp\/v2\/media?parent=1036"}],"curies":[{"name":"wp","href":"https:\/\/api.w.org\/{rel}","templated":true}]}}