{"id":12,"date":"2025-08-18T13:34:34","date_gmt":"2025-08-18T13:34:34","guid":{"rendered":"https:\/\/thesafeway.com.br\/?page_id=12"},"modified":"2025-11-25T14:39:18","modified_gmt":"2025-11-25T17:39:18","slug":"sobre-a-safeway","status":"publish","type":"page","link":"https:\/\/thesafeway.com.br\/en\/sobre-a-safeway\/","title":{"rendered":"SafeWay"},"content":{"rendered":"<div data-elementor-type=\"wp-page\" data-elementor-id=\"12\" class=\"elementor elementor-12\" data-elementor-post-type=\"page\">\n\t\t\t\t<div class=\"elementor-element elementor-element-0df90bc e-flex e-con-boxed e-con e-parent\" data-id=\"0df90bc\" data-element_type=\"container\" data-e-type=\"container\" data-settings=\"{&quot;background_background&quot;:&quot;classic&quot;}\">\n\t\t\t\t\t<div class=\"e-con-inner\">\n\t\t<div class=\"elementor-element elementor-element-eb4390b e-flex e-con-boxed e-con e-child\" data-id=\"eb4390b\" data-element_type=\"container\" data-e-type=\"container\">\n\t\t\t\t\t<div class=\"e-con-inner\">\n\t\t<div class=\"elementor-element elementor-element-0985d7d e-con-full e-flex e-con e-child\" data-id=\"0985d7d\" data-element_type=\"container\" data-e-type=\"container\">\n\t\t\t\t<div class=\"elementor-element elementor-element-2f52f39 animated-fast elementor-widget-mobile__width-inherit elementor-invisible elementor-widget elementor-widget-heading\" data-id=\"2f52f39\" data-element_type=\"widget\" data-e-type=\"widget\" data-settings=\"{&quot;_animation&quot;:&quot;fadeInLeft&quot;}\" data-widget_type=\"heading.default\">\n\t\t\t\t\t<h2 class=\"elementor-heading-title elementor-size-default\">SafeWay<\/h2>\t\t\t\t<\/div>\n\t\t\t\t<div class=\"elementor-element elementor-element-01a85a4 elementor-widget__width-initial elementor-invisible elementor-widget elementor-widget-heading\" data-id=\"01a85a4\" data-element_type=\"widget\" data-e-type=\"widget\" data-settings=\"{&quot;_animation&quot;:&quot;fadeInDown&quot;,&quot;_animation_delay&quot;:200}\" data-widget_type=\"heading.default\">\n\t\t\t\t\t<div class=\"elementor-heading-title elementor-size-default\">For those who move the digital world with responsibility and vision for the future.<\/div>\t\t\t\t<\/div>\n\t\t\t\t<\/div>\n\t\t\t\t\t<\/div>\n\t\t\t\t<\/div>\n\t\t\t\t\t<\/div>\n\t\t\t\t<\/div>\n\t\t<div class=\"elementor-element elementor-element-4c1a5a8 e-flex e-con-boxed e-con e-parent\" data-id=\"4c1a5a8\" data-element_type=\"container\" data-e-type=\"container\">\n\t\t\t\t\t<div class=\"e-con-inner\">\n\t\t\t\t<div class=\"elementor-element elementor-element-334a763 elementor-widget elementor-widget-spacer\" data-id=\"334a763\" data-element_type=\"widget\" data-e-type=\"widget\" data-widget_type=\"spacer.default\">\n\t\t\t\t\t\t\t<div class=\"elementor-spacer\">\n\t\t\t<div class=\"elementor-spacer-inner\"><\/div>\n\t\t<\/div>\n\t\t\t\t\t\t<\/div>\n\t\t\t\t<div class=\"elementor-element elementor-element-494a6b5 elementor-widget elementor-widget-heading\" data-id=\"494a6b5\" data-element_type=\"widget\" data-e-type=\"widget\" data-widget_type=\"heading.default\">\n\t\t\t\t\t<h2 class=\"elementor-heading-title elementor-size-default\">What drives us?<\/h2>\t\t\t\t<\/div>\n\t\t\t\t<div class=\"elementor-element elementor-element-c65a495 elementor-widget elementor-widget-text-editor\" data-id=\"c65a495\" data-element_type=\"widget\" data-e-type=\"widget\" data-widget_type=\"text-editor.default\">\n\t\t\t\t\t\t\t\t\t<p>We were born to simplify the digital payments market.<\/p><p>Our mission is to provide secure and transparent technology that enables companies to grow in highly complex scenarios.<\/p><p>We do this with a clear purpose: to ensure efficiency, transparency, and trust in every transaction, connecting Brazilians to services and products from anywhere in the world.<\/p>\t\t\t\t\t\t\t\t<\/div>\n\t\t\t\t\t<\/div>\n\t\t\t\t<\/div>\n\t\t<div class=\"elementor-element elementor-element-24105c6 e-flex e-con-boxed e-con e-parent\" data-id=\"24105c6\" data-element_type=\"container\" data-e-type=\"container\">\n\t\t\t\t\t<div class=\"e-con-inner\">\n\t\t\t\t<div class=\"elementor-element elementor-element-95af2e1 elementor-widget elementor-widget-spacer\" data-id=\"95af2e1\" data-element_type=\"widget\" data-e-type=\"widget\" data-widget_type=\"spacer.default\">\n\t\t\t\t\t\t\t<div class=\"elementor-spacer\">\n\t\t\t<div class=\"elementor-spacer-inner\"><\/div>\n\t\t<\/div>\n\t\t\t\t\t\t<\/div>\n\t\t\t\t\t<\/div>\n\t\t\t\t<\/div>\n\t\t<div class=\"elementor-element elementor-element-86e8a0a e-flex e-con-boxed e-con e-parent\" data-id=\"86e8a0a\" data-element_type=\"container\" data-e-type=\"container\" data-settings=\"{&quot;background_background&quot;:&quot;classic&quot;}\">\n\t\t\t\t\t<div class=\"e-con-inner\">\n\t\t\t\t<div class=\"elementor-element elementor-element-73d77cd elementor-widget elementor-widget-spacer\" data-id=\"73d77cd\" data-element_type=\"widget\" data-e-type=\"widget\" data-widget_type=\"spacer.default\">\n\t\t\t\t\t\t\t<div class=\"elementor-spacer\">\n\t\t\t<div class=\"elementor-spacer-inner\"><\/div>\n\t\t<\/div>\n\t\t\t\t\t\t<\/div>\n\t\t\t\t<div class=\"elementor-element elementor-element-00cd636 elementor-widget__width-initial elementor-widget-mobile__width-inherit elementor-widget elementor-widget-heading\" data-id=\"00cd636\" data-element_type=\"widget\" data-e-type=\"widget\" data-widget_type=\"heading.default\">\n\t\t\t\t\t<h2 class=\"elementor-heading-title elementor-size-default\">Num mundo em que o digital nunca para, o fluxo financeiro n\u00e3o pode falhar.<\/h2>\t\t\t\t<\/div>\n\t\t\t\t<div class=\"elementor-element elementor-element-1e7f805 elementor-widget__width-initial elementor-widget-mobile__width-inherit elementor-widget elementor-widget-text-editor\" data-id=\"1e7f805\" data-element_type=\"widget\" data-e-type=\"widget\" data-widget_type=\"text-editor.default\">\n\t\t\t\t\t\t\t\t\t<p>Every click, every transaction, every second matters.<\/p><p>For companies that handle large volumes in demanding sectors, there is no room for improvisation.<\/p><p>At Safeway, we believe that trust is built with transparency, solid technology, and a prepared team.<\/p><p>We are driven by efficiency, guided by security, and obsessed with delivering solutions that always work.<\/p><p>While many avoid complex markets, we embrace them.<\/p><p>We believe that where there is complexity, there is opportunity.<br \/>That\u2019s where we choose to be: eyes on the future, feet firmly grounded in compliance, operational stability, and total commitment to our clients.<\/p><p>We are more than a payment solution \u2014 we are the strategic partner for those who take digital seriously.<\/p>\t\t\t\t\t\t\t\t<\/div>\n\t\t\t\t<div class=\"elementor-element elementor-element-f550ee1 elementor-widget elementor-widget-spacer\" data-id=\"f550ee1\" data-element_type=\"widget\" data-e-type=\"widget\" data-widget_type=\"spacer.default\">\n\t\t\t\t\t\t\t<div class=\"elementor-spacer\">\n\t\t\t<div class=\"elementor-spacer-inner\"><\/div>\n\t\t<\/div>\n\t\t\t\t\t\t<\/div>\n\t\t\t\t\t<\/div>\n\t\t\t\t<\/div>\n\t\t<div class=\"elementor-element elementor-element-36c9039 e-flex e-con-boxed e-con e-parent\" data-id=\"36c9039\" data-element_type=\"container\" data-e-type=\"container\">\n\t\t\t\t\t<div class=\"e-con-inner\">\n\t\t\t\t<div class=\"elementor-element elementor-element-06d5d18 elementor-widget elementor-widget-spacer\" data-id=\"06d5d18\" data-element_type=\"widget\" data-e-type=\"widget\" data-widget_type=\"spacer.default\">\n\t\t\t\t\t\t\t<div class=\"elementor-spacer\">\n\t\t\t<div class=\"elementor-spacer-inner\"><\/div>\n\t\t<\/div>\n\t\t\t\t\t\t<\/div>\n\t\t\t\t<div class=\"elementor-element elementor-element-3285808 elementor-widget elementor-widget-heading\" data-id=\"3285808\" data-element_type=\"widget\" data-e-type=\"widget\" data-widget_type=\"heading.default\">\n\t\t\t\t\t<h2 class=\"elementor-heading-title elementor-size-default translation-block\">Our<br>Values<\/h2>\t\t\t\t<\/div>\n\t\t<div class=\"elementor-element elementor-element-47e0550 e-con-full e-flex e-con e-child\" data-id=\"47e0550\" data-element_type=\"container\" data-e-type=\"container\">\n\t\t<div class=\"elementor-element elementor-element-40f46b2 e-grid e-con-full e-con e-child\" data-id=\"40f46b2\" data-element_type=\"container\" data-e-type=\"container\">\n\t\t\t\t<div class=\"elementor-element elementor-element-1880f39 animated-slow e-transform elementor-position-top elementor-widget elementor-widget-image-box\" data-id=\"1880f39\" data-element_type=\"widget\" data-e-type=\"widget\" data-settings=\"{&quot;_animation&quot;:&quot;none&quot;,&quot;_transform_scale_effect_hover&quot;:{&quot;unit&quot;:&quot;px&quot;,&quot;size&quot;:1.04000000000000003552713678800500929355621337890625,&quot;sizes&quot;:[]},&quot;_transform_scale_effect_hover_tablet&quot;:{&quot;unit&quot;:&quot;px&quot;,&quot;size&quot;:&quot;&quot;,&quot;sizes&quot;:[]},&quot;_transform_scale_effect_hover_mobile&quot;:{&quot;unit&quot;:&quot;px&quot;,&quot;size&quot;:&quot;&quot;,&quot;sizes&quot;:[]}}\" data-widget_type=\"image-box.default\">\n\t\t\t\t\t<div class=\"elementor-image-box-wrapper\"><figure class=\"elementor-image-box-img\"><img decoding=\"async\" width=\"114\" height=\"180\" src=\"https:\/\/thesafeway.com.br\/wp-content\/uploads\/2025\/09\/Ico-Safaway.svg\" class=\"attachment-full size-full wp-image-1438\" alt=\"\" \/><\/figure><div class=\"elementor-image-box-content\"><h3 class=\"elementor-image-box-title\">Efficiency<\/h3><p class=\"elementor-image-box-description\">So our clients can focus on what really matters.<\/p><\/div><\/div>\t\t\t\t<\/div>\n\t\t\t\t<div class=\"elementor-element elementor-element-e0352f7 animated-slow e-transform elementor-position-top elementor-widget elementor-widget-image-box\" data-id=\"e0352f7\" data-element_type=\"widget\" data-e-type=\"widget\" data-settings=\"{&quot;_animation&quot;:&quot;none&quot;,&quot;_transform_scale_effect_hover&quot;:{&quot;unit&quot;:&quot;px&quot;,&quot;size&quot;:1.04000000000000003552713678800500929355621337890625,&quot;sizes&quot;:[]},&quot;_transform_scale_effect_hover_tablet&quot;:{&quot;unit&quot;:&quot;px&quot;,&quot;size&quot;:&quot;&quot;,&quot;sizes&quot;:[]},&quot;_transform_scale_effect_hover_mobile&quot;:{&quot;unit&quot;:&quot;px&quot;,&quot;size&quot;:&quot;&quot;,&quot;sizes&quot;:[]}}\" data-widget_type=\"image-box.default\">\n\t\t\t\t\t<div class=\"elementor-image-box-wrapper\"><figure class=\"elementor-image-box-img\"><img decoding=\"async\" width=\"114\" height=\"180\" src=\"https:\/\/thesafeway.com.br\/wp-content\/uploads\/2025\/09\/Ico-Safaway.svg\" class=\"attachment-full size-full wp-image-1438\" alt=\"\" \/><\/figure><div class=\"elementor-image-box-content\"><h3 class=\"elementor-image-box-title\">Transparency<\/h3><p class=\"elementor-image-box-description\">Because every transaction is a relationship of trust.<\/p><\/div><\/div>\t\t\t\t<\/div>\n\t\t\t\t<div class=\"elementor-element elementor-element-de0c3c4 animated-slow e-transform elementor-position-top elementor-widget elementor-widget-image-box\" data-id=\"de0c3c4\" data-element_type=\"widget\" data-e-type=\"widget\" data-settings=\"{&quot;_animation&quot;:&quot;none&quot;,&quot;_transform_scale_effect_hover&quot;:{&quot;unit&quot;:&quot;px&quot;,&quot;size&quot;:1.04000000000000003552713678800500929355621337890625,&quot;sizes&quot;:[]},&quot;_transform_scale_effect_hover_tablet&quot;:{&quot;unit&quot;:&quot;px&quot;,&quot;size&quot;:&quot;&quot;,&quot;sizes&quot;:[]},&quot;_transform_scale_effect_hover_mobile&quot;:{&quot;unit&quot;:&quot;px&quot;,&quot;size&quot;:&quot;&quot;,&quot;sizes&quot;:[]}}\" data-widget_type=\"image-box.default\">\n\t\t\t\t\t<div class=\"elementor-image-box-wrapper\"><figure class=\"elementor-image-box-img\"><img decoding=\"async\" width=\"114\" height=\"180\" src=\"https:\/\/thesafeway.com.br\/wp-content\/uploads\/2025\/09\/Ico-Safaway.svg\" class=\"attachment-full size-full wp-image-1438\" alt=\"\" \/><\/figure><div class=\"elementor-image-box-content\"><h3 class=\"elementor-image-box-title\">Innovation<\/h3><p class=\"elementor-image-box-description\">because the complex can - and should - be simple.<\/p><\/div><\/div>\t\t\t\t<\/div>\n\t\t\t\t<div class=\"elementor-element elementor-element-b254091 animated-slow e-transform elementor-position-top elementor-widget elementor-widget-image-box\" data-id=\"b254091\" data-element_type=\"widget\" data-e-type=\"widget\" data-settings=\"{&quot;_animation&quot;:&quot;none&quot;,&quot;_transform_scale_effect_hover&quot;:{&quot;unit&quot;:&quot;px&quot;,&quot;size&quot;:1.04000000000000003552713678800500929355621337890625,&quot;sizes&quot;:[]},&quot;_transform_scale_effect_hover_tablet&quot;:{&quot;unit&quot;:&quot;px&quot;,&quot;size&quot;:&quot;&quot;,&quot;sizes&quot;:[]},&quot;_transform_scale_effect_hover_mobile&quot;:{&quot;unit&quot;:&quot;px&quot;,&quot;size&quot;:&quot;&quot;,&quot;sizes&quot;:[]}}\" data-widget_type=\"image-box.default\">\n\t\t\t\t\t<div class=\"elementor-image-box-wrapper\"><figure class=\"elementor-image-box-img\"><img decoding=\"async\" width=\"114\" height=\"180\" src=\"https:\/\/thesafeway.com.br\/wp-content\/uploads\/2025\/09\/Ico-Safaway.svg\" class=\"attachment-full size-full wp-image-1438\" alt=\"\" \/><\/figure><div class=\"elementor-image-box-content\"><h3 class=\"elementor-image-box-title\">The partner<\/h3><p class=\"elementor-image-box-description\">Because we grow together with our clients.<\/p><\/div><\/div>\t\t\t\t<\/div>\n\t\t\t\t<\/div>\n\t\t\t\t<div class=\"elementor-element elementor-element-6ab1247 elementor-widget elementor-widget-spacer\" data-id=\"6ab1247\" data-element_type=\"widget\" data-e-type=\"widget\" data-widget_type=\"spacer.default\">\n\t\t\t\t\t\t\t<div class=\"elementor-spacer\">\n\t\t\t<div class=\"elementor-spacer-inner\"><\/div>\n\t\t<\/div>\n\t\t\t\t\t\t<\/div>\n\t\t\t\t<\/div>\n\t\t\t\t\t<\/div>\n\t\t\t\t<\/div>\n\t\t<div class=\"elementor-element elementor-element-dc6da6f e-flex e-con-boxed e-con e-parent\" data-id=\"dc6da6f\" data-element_type=\"container\" data-e-type=\"container\" data-settings=\"{&quot;background_background&quot;:&quot;classic&quot;}\">\n\t\t\t\t\t<div class=\"e-con-inner\">\n\t\t<div class=\"elementor-element elementor-element-f53289a e-con-full e-flex elementor-invisible e-con e-child\" data-id=\"f53289a\" data-element_type=\"container\" data-e-type=\"container\" data-settings=\"{&quot;animation&quot;:&quot;fadeInLeft&quot;}\">\n\t\t\t\t<div class=\"elementor-element elementor-element-04608a5 elementor-widget elementor-widget-heading\" data-id=\"04608a5\" data-element_type=\"widget\" data-e-type=\"widget\" data-widget_type=\"heading.default\">\n\t\t\t\t\t<div class=\"elementor-heading-title elementor-size-default\">Ready to scale your operation?<\/div>\t\t\t\t<\/div>\n\t\t\t\t<div class=\"elementor-element elementor-element-3271db8 elementor-widget-mobile__width-initial elementor-widget elementor-widget-text-editor\" data-id=\"3271db8\" data-element_type=\"widget\" data-e-type=\"widget\" data-widget_type=\"text-editor.default\">\n\t\t\t\t\t\t\t\t\t<p>Talk to our sales team and discover how Safeway can support your business growth in any segment.<\/p>\t\t\t\t\t\t\t\t<\/div>\n\t\t\t\t<div class=\"elementor-element elementor-element-41ffd6e elementor-mobile-align-center elementor-align-center elementor-widget elementor-widget-button\" data-id=\"41ffd6e\" data-element_type=\"widget\" data-e-type=\"widget\" data-widget_type=\"button.default\">\n\t\t\t\t\t\t\t\t\t\t<a class=\"elementor-button elementor-button-link elementor-size-sm\" href=\"https:\/\/wa.me\/5511970450169\" target=\"_blank\">\n\t\t\t\t\t\t<span class=\"elementor-button-content-wrapper\">\n\t\t\t\t\t\t\t\t\t<span class=\"elementor-button-text\">Contact<\/span>\n\t\t\t\t\t<\/span>\n\t\t\t\t\t<\/a>\n\t\t\t\t\t\t\t\t<\/div>\n\t\t\t\t<\/div>\n\t\t<div class=\"elementor-element elementor-element-ebf79d3 e-con-full e-flex elementor-invisible e-con e-child\" data-id=\"ebf79d3\" data-element_type=\"container\" data-e-type=\"container\" data-settings=\"{&quot;animation&quot;:&quot;fadeInRight&quot;,&quot;background_background&quot;:&quot;classic&quot;}\">\n\t\t\t\t<\/div>\n\t\t\t\t\t<\/div>\n\t\t\t\t<\/div>\n\t\t\t\t<\/div>","protected":false},"excerpt":{"rendered":"<p>A SafeWay Para quem movimenta o digital com responsabilidade e vis\u00e3o de futuro. O que nos move? Nascemos para descomplicar o mercado de pagamentos digitais. Nossa miss\u00e3o \u00e9 oferecer tecnologia segura e transparente que permita \u00e0s empresas crescer em cen\u00e1rios de alta complexidade. Fazemos isso com um prop\u00f3sito claro: garantir efici\u00eancia, transpar\u00eancia e confian\u00e7a em [&hellip;]<\/p>\n","protected":false},"author":1,"featured_media":801,"parent":0,"menu_order":0,"comment_status":"closed","ping_status":"closed","template":"","meta":{"footnotes":""},"class_list":["post-12","page","type-page","status-publish","has-post-thumbnail","hentry"],"yoast_head":"<!-- This site is optimized with the Yoast SEO plugin v27.3 - https:\/\/yoast.com\/product\/yoast-seo-wordpress\/ -->\n<title>A SafeWay - SafeWay<\/title>\n<meta name=\"robots\" content=\"index, follow, max-snippet:-1, max-image-preview:large, max-video-preview:-1\" \/>\n<link rel=\"canonical\" href=\"https:\/\/thesafeway.com.br\/en\/sobre-a-safeway\/\" \/>\n<meta property=\"og:locale\" content=\"en_US\" \/>\n<meta property=\"og:type\" content=\"article\" \/>\n<meta property=\"og:title\" content=\"A SafeWay - SafeWay\" \/>\n<meta property=\"og:description\" content=\"A SafeWay Para quem movimenta o digital com responsabilidade e vis\u00e3o de futuro. O que nos move? Nascemos para descomplicar o mercado de pagamentos digitais. Nossa miss\u00e3o \u00e9 oferecer tecnologia segura e transparente que permita \u00e0s empresas crescer em cen\u00e1rios de alta complexidade. Fazemos isso com um prop\u00f3sito claro: garantir efici\u00eancia, transpar\u00eancia e confian\u00e7a em [&hellip;]\" \/>\n<meta property=\"og:url\" content=\"https:\/\/thesafeway.com.br\/en\/sobre-a-safeway\/\" \/>\n<meta property=\"og:site_name\" content=\"SafeWay\" \/>\n<meta property=\"article:modified_time\" content=\"2025-11-25T17:39:18+00:00\" \/>\n<meta property=\"og:image\" content=\"https:\/\/thesafeway.com.br\/wp-content\/uploads\/2025\/08\/Ico-Safeway-512.png\" \/>\n\t<meta property=\"og:image:width\" content=\"512\" \/>\n\t<meta property=\"og:image:height\" content=\"512\" \/>\n\t<meta property=\"og:image:type\" content=\"image\/png\" \/>\n<meta name=\"twitter:card\" content=\"summary_large_image\" \/>\n<meta name=\"twitter:label1\" content=\"Est. reading time\" \/>\n\t<meta name=\"twitter:data1\" content=\"3 minutes\" \/>\n<script type=\"application\/ld+json\" class=\"yoast-schema-graph\">{\"@context\":\"https:\\\/\\\/schema.org\",\"@graph\":[{\"@type\":\"WebPage\",\"@id\":\"https:\\\/\\\/thesafeway.com.br\\\/sobre-a-safeway\\\/\",\"url\":\"https:\\\/\\\/thesafeway.com.br\\\/sobre-a-safeway\\\/\",\"name\":\"A SafeWay - SafeWay\",\"isPartOf\":{\"@id\":\"https:\\\/\\\/thesafeway.com.br\\\/#website\"},\"primaryImageOfPage\":{\"@id\":\"https:\\\/\\\/thesafeway.com.br\\\/sobre-a-safeway\\\/#primaryimage\"},\"image\":{\"@id\":\"https:\\\/\\\/thesafeway.com.br\\\/sobre-a-safeway\\\/#primaryimage\"},\"thumbnailUrl\":\"https:\\\/\\\/thesafeway.com.br\\\/wp-content\\\/uploads\\\/2025\\\/08\\\/Ico-Safeway-512.png\",\"datePublished\":\"2025-08-18T13:34:34+00:00\",\"dateModified\":\"2025-11-25T17:39:18+00:00\",\"breadcrumb\":{\"@id\":\"https:\\\/\\\/thesafeway.com.br\\\/sobre-a-safeway\\\/#breadcrumb\"},\"inLanguage\":\"en-US\",\"potentialAction\":[{\"@type\":\"ReadAction\",\"target\":[\"https:\\\/\\\/thesafeway.com.br\\\/sobre-a-safeway\\\/\"]}]},{\"@type\":\"ImageObject\",\"inLanguage\":\"en-US\",\"@id\":\"https:\\\/\\\/thesafeway.com.br\\\/sobre-a-safeway\\\/#primaryimage\",\"url\":\"https:\\\/\\\/thesafeway.com.br\\\/wp-content\\\/uploads\\\/2025\\\/08\\\/Ico-Safeway-512.png\",\"contentUrl\":\"https:\\\/\\\/thesafeway.com.br\\\/wp-content\\\/uploads\\\/2025\\\/08\\\/Ico-Safeway-512.png\",\"width\":512,\"height\":512},{\"@type\":\"BreadcrumbList\",\"@id\":\"https:\\\/\\\/thesafeway.com.br\\\/sobre-a-safeway\\\/#breadcrumb\",\"itemListElement\":[{\"@type\":\"ListItem\",\"position\":1,\"name\":\"In\u00edcio\",\"item\":\"https:\\\/\\\/thesafeway.com.br\\\/\"},{\"@type\":\"ListItem\",\"position\":2,\"name\":\"A SafeWay\"}]},{\"@type\":\"WebSite\",\"@id\":\"https:\\\/\\\/thesafeway.com.br\\\/#website\",\"url\":\"https:\\\/\\\/thesafeway.com.br\\\/\",\"name\":\"SafeWay\",\"description\":\"Servi\u00e7os de Pagamento\",\"publisher\":{\"@id\":\"https:\\\/\\\/thesafeway.com.br\\\/#organization\"},\"potentialAction\":[{\"@type\":\"SearchAction\",\"target\":{\"@type\":\"EntryPoint\",\"urlTemplate\":\"https:\\\/\\\/thesafeway.com.br\\\/?s={search_term_string}\"},\"query-input\":{\"@type\":\"PropertyValueSpecification\",\"valueRequired\":true,\"valueName\":\"search_term_string\"}}],\"inLanguage\":\"en-US\"},{\"@type\":\"Organization\",\"@id\":\"https:\\\/\\\/thesafeway.com.br\\\/#organization\",\"name\":\"Safe Way Gest\u00e3o de Recursos Financeiros\",\"url\":\"https:\\\/\\\/thesafeway.com.br\\\/\",\"logo\":{\"@type\":\"ImageObject\",\"inLanguage\":\"en-US\",\"@id\":\"https:\\\/\\\/thesafeway.com.br\\\/#\\\/schema\\\/logo\\\/image\\\/\",\"url\":\"https:\\\/\\\/thesafeway.com.br\\\/wp-content\\\/uploads\\\/2025\\\/10\\\/Logo-Safeway-1200.png\",\"contentUrl\":\"https:\\\/\\\/thesafeway.com.br\\\/wp-content\\\/uploads\\\/2025\\\/10\\\/Logo-Safeway-1200.png\",\"width\":1200,\"height\":340,\"caption\":\"Safe Way Gest\u00e3o de Recursos Financeiros\"},\"image\":{\"@id\":\"https:\\\/\\\/thesafeway.com.br\\\/#\\\/schema\\\/logo\\\/image\\\/\"},\"sameAs\":[\"https:\\\/\\\/www.linkedin.com\\\/company\\\/safewaypagamentos\\\/\",\"https:\\\/\\\/www.instagram.com\\\/safewaypagamentos\\\/\"]}]}<\/script>\n<!-- \/ Yoast SEO plugin. -->","yoast_head_json":{"title":"A SafeWay - SafeWay","robots":{"index":"index","follow":"follow","max-snippet":"max-snippet:-1","max-image-preview":"max-image-preview:large","max-video-preview":"max-video-preview:-1"},"canonical":"https:\/\/thesafeway.com.br\/en\/sobre-a-safeway\/","og_locale":"en_US","og_type":"article","og_title":"A SafeWay - SafeWay","og_description":"A SafeWay Para quem movimenta o digital com responsabilidade e vis\u00e3o de futuro. O que nos move? Nascemos para descomplicar o mercado de pagamentos digitais. Nossa miss\u00e3o \u00e9 oferecer tecnologia segura e transparente que permita \u00e0s empresas crescer em cen\u00e1rios de alta complexidade. Fazemos isso com um prop\u00f3sito claro: garantir efici\u00eancia, transpar\u00eancia e confian\u00e7a em [&hellip;]","og_url":"https:\/\/thesafeway.com.br\/en\/sobre-a-safeway\/","og_site_name":"SafeWay","article_modified_time":"2025-11-25T17:39:18+00:00","og_image":[{"width":512,"height":512,"url":"https:\/\/thesafeway.com.br\/wp-content\/uploads\/2025\/08\/Ico-Safeway-512.png","type":"image\/png"}],"twitter_card":"summary_large_image","twitter_misc":{"Est. reading time":"3 minutes"},"schema":{"@context":"https:\/\/schema.org","@graph":[{"@type":"WebPage","@id":"https:\/\/thesafeway.com.br\/sobre-a-safeway\/","url":"https:\/\/thesafeway.com.br\/sobre-a-safeway\/","name":"A SafeWay - SafeWay","isPartOf":{"@id":"https:\/\/thesafeway.com.br\/#website"},"primaryImageOfPage":{"@id":"https:\/\/thesafeway.com.br\/sobre-a-safeway\/#primaryimage"},"image":{"@id":"https:\/\/thesafeway.com.br\/sobre-a-safeway\/#primaryimage"},"thumbnailUrl":"https:\/\/thesafeway.com.br\/wp-content\/uploads\/2025\/08\/Ico-Safeway-512.png","datePublished":"2025-08-18T13:34:34+00:00","dateModified":"2025-11-25T17:39:18+00:00","breadcrumb":{"@id":"https:\/\/thesafeway.com.br\/sobre-a-safeway\/#breadcrumb"},"inLanguage":"en-US","potentialAction":[{"@type":"ReadAction","target":["https:\/\/thesafeway.com.br\/sobre-a-safeway\/"]}]},{"@type":"ImageObject","inLanguage":"en-US","@id":"https:\/\/thesafeway.com.br\/sobre-a-safeway\/#primaryimage","url":"https:\/\/thesafeway.com.br\/wp-content\/uploads\/2025\/08\/Ico-Safeway-512.png","contentUrl":"https:\/\/thesafeway.com.br\/wp-content\/uploads\/2025\/08\/Ico-Safeway-512.png","width":512,"height":512},{"@type":"BreadcrumbList","@id":"https:\/\/thesafeway.com.br\/sobre-a-safeway\/#breadcrumb","itemListElement":[{"@type":"ListItem","position":1,"name":"In\u00edcio","item":"https:\/\/thesafeway.com.br\/"},{"@type":"ListItem","position":2,"name":"A SafeWay"}]},{"@type":"WebSite","@id":"https:\/\/thesafeway.com.br\/#website","url":"https:\/\/thesafeway.com.br\/","name":"SafeWay","description":"Servi\u00e7os de Pagamento","publisher":{"@id":"https:\/\/thesafeway.com.br\/#organization"},"potentialAction":[{"@type":"SearchAction","target":{"@type":"EntryPoint","urlTemplate":"https:\/\/thesafeway.com.br\/?s={search_term_string}"},"query-input":{"@type":"PropertyValueSpecification","valueRequired":true,"valueName":"search_term_string"}}],"inLanguage":"en-US"},{"@type":"Organization","@id":"https:\/\/thesafeway.com.br\/#organization","name":"Safe Way Gest\u00e3o de Recursos Financeiros","url":"https:\/\/thesafeway.com.br\/","logo":{"@type":"ImageObject","inLanguage":"en-US","@id":"https:\/\/thesafeway.com.br\/#\/schema\/logo\/image\/","url":"https:\/\/thesafeway.com.br\/wp-content\/uploads\/2025\/10\/Logo-Safeway-1200.png","contentUrl":"https:\/\/thesafeway.com.br\/wp-content\/uploads\/2025\/10\/Logo-Safeway-1200.png","width":1200,"height":340,"caption":"Safe Way Gest\u00e3o de Recursos Financeiros"},"image":{"@id":"https:\/\/thesafeway.com.br\/#\/schema\/logo\/image\/"},"sameAs":["https:\/\/www.linkedin.com\/company\/safewaypagamentos\/","https:\/\/www.instagram.com\/safewaypagamentos\/"]}]}},"_links":{"self":[{"href":"https:\/\/thesafeway.com.br\/en\/wp-json\/wp\/v2\/pages\/12","targetHints":{"allow":["GET"]}}],"collection":[{"href":"https:\/\/thesafeway.com.br\/en\/wp-json\/wp\/v2\/pages"}],"about":[{"href":"https:\/\/thesafeway.com.br\/en\/wp-json\/wp\/v2\/types\/page"}],"author":[{"embeddable":true,"href":"https:\/\/thesafeway.com.br\/en\/wp-json\/wp\/v2\/users\/1"}],"replies":[{"embeddable":true,"href":"https:\/\/thesafeway.com.br\/en\/wp-json\/wp\/v2\/comments?post=12"}],"version-history":[{"count":382,"href":"https:\/\/thesafeway.com.br\/en\/wp-json\/wp\/v2\/pages\/12\/revisions"}],"predecessor-version":[{"id":2986,"href":"https:\/\/thesafeway.com.br\/en\/wp-json\/wp\/v2\/pages\/12\/revisions\/2986"}],"wp:featuredmedia":[{"embeddable":true,"href":"https:\/\/thesafeway.com.br\/en\/wp-json\/wp\/v2\/media\/801"}],"wp:attachment":[{"href":"https:\/\/thesafeway.com.br\/en\/wp-json\/wp\/v2\/media?parent=12"}],"curies":[{"name":"wp","href":"https:\/\/api.w.org\/{rel}","templated":true}]}}