{"id":16,"date":"2025-08-18T13:34:57","date_gmt":"2025-08-18T13:34:57","guid":{"rendered":"https:\/\/thesafeway.com.br\/?page_id=16"},"modified":"2026-04-07T12:40:05","modified_gmt":"2026-04-07T15:40:05","slug":"contato","status":"publish","type":"page","link":"https:\/\/thesafeway.com.br\/en\/contato\/","title":{"rendered":"Contact"},"content":{"rendered":"\t\t<div data-elementor-type=\"wp-page\" data-elementor-id=\"16\" class=\"elementor elementor-16\" data-elementor-post-type=\"page\">\n\t\t\t\t<div class=\"elementor-element elementor-element-c07f80b e-flex e-con-boxed e-con e-parent\" data-id=\"c07f80b\" data-element_type=\"container\" data-e-type=\"container\" data-settings=\"{&quot;background_background&quot;:&quot;classic&quot;}\">\n\t\t\t\t\t<div class=\"e-con-inner\">\n\t\t<div class=\"elementor-element elementor-element-e92f2f4 e-flex e-con-boxed e-con e-child\" data-id=\"e92f2f4\" data-element_type=\"container\" data-e-type=\"container\">\n\t\t\t\t\t<div class=\"e-con-inner\">\n\t\t<div class=\"elementor-element elementor-element-2348941 e-con-full e-flex e-con e-child\" data-id=\"2348941\" data-element_type=\"container\" data-e-type=\"container\">\n\t\t\t\t<div class=\"elementor-element elementor-element-3ddeabe animated-fast elementor-widget-mobile__width-inherit elementor-widget__width-initial elementor-invisible elementor-widget elementor-widget-heading\" data-id=\"3ddeabe\" data-element_type=\"widget\" data-e-type=\"widget\" data-settings=\"{&quot;_animation&quot;:&quot;fadeInLeft&quot;}\" data-widget_type=\"heading.default\">\n\t\t\t\t\t<h2 class=\"elementor-heading-title elementor-size-default\">Contato<\/h2>\t\t\t\t<\/div>\n\t\t\t\t<div class=\"elementor-element elementor-element-a400e95 elementor-widget__width-initial elementor-widget-mobile__width-initial elementor-widget elementor-widget-text-editor\" data-id=\"a400e95\" data-element_type=\"widget\" data-e-type=\"widget\" data-widget_type=\"text-editor.default\">\n\t\t\t\t\t\t\t\t\t<p>Quer conhecer melhor nossas solu\u00e7\u00f5es ou tirar d\u00favidas comerciais com o time da Safeway?<\/p><p>Preencha o formul\u00e1rio ou fale conosco direto pelo WhatsApp.<\/p>\t\t\t\t\t\t\t\t<\/div>\n\t\t\t\t<div class=\"elementor-element elementor-element-1bfb4cd elementor-mobile-align-center elementor-align-center elementor-widget elementor-widget-button\" data-id=\"1bfb4cd\" data-element_type=\"widget\" data-e-type=\"widget\" data-widget_type=\"button.default\">\n\t\t\t\t\t\t\t\t\t\t<a class=\"elementor-button elementor-button-link elementor-size-sm\" href=\"https:\/\/wa.me\/5511970450169\" target=\"_blank\">\n\t\t\t\t\t\t<span class=\"elementor-button-content-wrapper\">\n\t\t\t\t\t\t<span class=\"elementor-button-icon\">\n\t\t\t\t<svg aria-hidden=\"true\" class=\"e-font-icon-svg e-fab-whatsapp\" viewBox=\"0 0 448 512\" xmlns=\"http:\/\/www.w3.org\/2000\/svg\"><path d=\"M380.9 97.1C339 55.1 283.2 32 223.9 32c-122.4 0-222 99.6-222 222 0 39.1 10.2 77.3 29.6 111L0 480l117.7-30.9c32.4 17.7 68.9 27 106.1 27h.1c122.3 0 224.1-99.6 224.1-222 0-59.3-25.2-115-67.1-157zm-157 341.6c-33.2 0-65.7-8.9-94-25.7l-6.7-4-69.8 18.3L72 359.2l-4.4-7c-18.5-29.4-28.2-63.3-28.2-98.2 0-101.7 82.8-184.5 184.6-184.5 49.3 0 95.6 19.2 130.4 54.1 34.8 34.9 56.2 81.2 56.1 130.5 0 101.8-84.9 184.6-186.6 184.6zm101.2-138.2c-5.5-2.8-32.8-16.2-37.9-18-5.1-1.9-8.8-2.8-12.5 2.8-3.7 5.6-14.3 18-17.6 21.8-3.2 3.7-6.5 4.2-12 1.4-32.6-16.3-54-29.1-75.5-66-5.7-9.8 5.7-9.1 16.3-30.3 1.8-3.7.9-6.9-.5-9.7-1.4-2.8-12.5-30.1-17.1-41.2-4.5-10.8-9.1-9.3-12.5-9.5-3.2-.2-6.9-.2-10.6-.2-3.7 0-9.7 1.4-14.8 6.9-5.1 5.6-19.4 19-19.4 46.3 0 27.3 19.9 53.7 22.6 57.4 2.8 3.7 39.1 59.7 94.8 83.8 35.2 15.2 49 16.5 66.6 13.9 10.7-1.6 32.8-13.4 37.4-26.4 4.6-13 4.6-24.1 3.2-26.4-1.3-2.5-5-3.9-10.5-6.6z\"><\/path><\/svg>\t\t\t<\/span>\n\t\t\t\t\t\t\t\t\t<span class=\"elementor-button-text\">Contato<\/span>\n\t\t\t\t\t<\/span>\n\t\t\t\t\t<\/a>\n\t\t\t\t\t\t\t\t<\/div>\n\t\t\t\t<\/div>\n\t\t\t\t\t<\/div>\n\t\t\t\t<\/div>\n\t\t\t\t\t<\/div>\n\t\t\t\t<\/div>\n\t\t<div class=\"elementor-element elementor-element-09dfbb2 e-flex e-con-boxed e-con e-parent\" data-id=\"09dfbb2\" data-element_type=\"container\" data-e-type=\"container\">\n\t\t\t\t\t<div class=\"e-con-inner\">\n\t\t\t\t<div class=\"elementor-element elementor-element-3c51b35 elementor-widget elementor-widget-spacer\" data-id=\"3c51b35\" data-element_type=\"widget\" data-e-type=\"widget\" data-widget_type=\"spacer.default\">\n\t\t\t\t\t\t\t<div class=\"elementor-spacer\">\n\t\t\t<div class=\"elementor-spacer-inner\"><\/div>\n\t\t<\/div>\n\t\t\t\t\t\t<\/div>\n\t\t<div class=\"elementor-element elementor-element-f0d3b5d e-con-full e-flex e-con e-child\" data-id=\"f0d3b5d\" data-element_type=\"container\" data-e-type=\"container\">\n\t\t<div class=\"elementor-element elementor-element-a1e0639 e-con-full e-flex e-con e-child\" data-id=\"a1e0639\" data-element_type=\"container\" data-e-type=\"container\">\n\t\t\t\t<div class=\"elementor-element elementor-element-e0a9df7 elementor-widget__width-initial elementor-widget elementor-widget-text-editor\" data-id=\"e0a9df7\" data-element_type=\"widget\" data-e-type=\"widget\" data-widget_type=\"text-editor.default\">\n\t\t\t\t\t\t\t\t\t<p>Atendemos empresas que operam em mercados complexos como e-commerce, games, cripto e iGaming.<\/p><p>Nosso time est\u00e1 preparado para estruturar a melhor solu\u00e7\u00e3o financeira para voc\u00ea.<\/p>\t\t\t\t\t\t\t\t<\/div>\n\t\t\t\t<div class=\"elementor-element elementor-element-8427807 elementor-button-align-start elementor-invisible elementor-widget elementor-widget-form\" data-id=\"8427807\" data-element_type=\"widget\" data-e-type=\"widget\" data-settings=\"{&quot;step_next_label&quot;:&quot;Pr\\u00f3ximo&quot;,&quot;step_previous_label&quot;:&quot;Anterior&quot;,&quot;_animation&quot;:&quot;slideInLeft&quot;,&quot;button_width&quot;:&quot;100&quot;,&quot;step_type&quot;:&quot;number_text&quot;,&quot;step_icon_shape&quot;:&quot;circle&quot;}\" data-widget_type=\"form.default\">\n\t\t\t\t\t\t\t<form class=\"elementor-form\" method=\"post\" name=\"Novo formul\u00e1rio\" aria-label=\"Novo formul\u00e1rio\">\n\t\t\t<input type=\"hidden\" name=\"post_id\" value=\"16\"\/>\n\t\t\t<input type=\"hidden\" name=\"form_id\" value=\"8427807\"\/>\n\t\t\t<input type=\"hidden\" name=\"referer_title\" value=\"Contato - SafeWay\" \/>\n\n\t\t\t\t\t\t\t<input type=\"hidden\" name=\"queried_id\" value=\"16\"\/>\n\t\t\t\n\t\t\t<div class=\"elementor-form-fields-wrapper elementor-labels-above\">\n\t\t\t\t\t\t\t\t<div class=\"elementor-field-type-text elementor-field-group elementor-column elementor-field-group-name elementor-col-100 elementor-field-required elementor-mark-required\">\n\t\t\t\t\t\t\t\t\t\t\t\t<label for=\"form-field-name\" class=\"elementor-field-label\">\n\t\t\t\t\t\t\t\tNome completo\t\t\t\t\t\t\t<\/label>\n\t\t\t\t\t\t\t\t\t\t\t\t\t\t<input size=\"1\" type=\"text\" name=\"form_fields[name]\" id=\"form-field-name\" class=\"elementor-field elementor-size-md  elementor-field-textual\" placeholder=\"Nome\" required=\"required\">\n\t\t\t\t\t\t\t\t\t\t\t<\/div>\n\t\t\t\t\t\t\t\t<div class=\"elementor-field-type-email elementor-field-group elementor-column elementor-field-group-email elementor-col-50 elementor-field-required elementor-mark-required\">\n\t\t\t\t\t\t\t\t\t\t\t\t<label for=\"form-field-email\" class=\"elementor-field-label\">\n\t\t\t\t\t\t\t\tE-mail\t\t\t\t\t\t\t<\/label>\n\t\t\t\t\t\t\t\t\t\t\t\t\t\t<input size=\"1\" type=\"email\" name=\"form_fields[email]\" id=\"form-field-email\" class=\"elementor-field elementor-size-md  elementor-field-textual\" placeholder=\"E-mail\" required=\"required\">\n\t\t\t\t\t\t\t\t\t\t\t<\/div>\n\t\t\t\t\t\t\t\t<div class=\"elementor-field-type-tel elementor-field-group elementor-column elementor-field-group-field_031c22e elementor-col-50 elementor-field-required elementor-mark-required\">\n\t\t\t\t\t\t\t\t\t\t\t\t<label for=\"form-field-field_031c22e\" class=\"elementor-field-label\">\n\t\t\t\t\t\t\t\tTelefone\t\t\t\t\t\t\t<\/label>\n\t\t\t\t\t\t\t\t<input size=\"1\" type=\"tel\" name=\"form_fields[field_031c22e]\" id=\"form-field-field_031c22e\" class=\"elementor-field elementor-size-md  elementor-field-textual\" placeholder=\"Telefone\" required=\"required\" pattern=\"[0-9()#&amp;+*-=.]+\" title=\"Apenas n\u00fameros e caracteres de telefone (#, -, *, etc.) s\u00e3o aceitos.\">\n\n\t\t\t\t\t\t<\/div>\n\t\t\t\t\t\t\t\t<div class=\"elementor-field-type-text elementor-field-group elementor-column elementor-field-group-field_6404aad elementor-col-50\">\n\t\t\t\t\t\t\t\t\t\t\t\t<label for=\"form-field-field_6404aad\" class=\"elementor-field-label\">\n\t\t\t\t\t\t\t\tEmpresa\t\t\t\t\t\t\t<\/label>\n\t\t\t\t\t\t\t\t\t\t\t\t\t\t<input size=\"1\" type=\"text\" name=\"form_fields[field_6404aad]\" id=\"form-field-field_6404aad\" class=\"elementor-field elementor-size-md  elementor-field-textual\" placeholder=\"Empresa\">\n\t\t\t\t\t\t\t\t\t\t\t<\/div>\n\t\t\t\t\t\t\t\t<div class=\"elementor-field-type-text elementor-field-group elementor-column elementor-field-group-field_f620932 elementor-col-50\">\n\t\t\t\t\t\t\t\t\t\t\t\t<label for=\"form-field-field_f620932\" class=\"elementor-field-label\">\n\t\t\t\t\t\t\t\t\u00c1rea de atua\u00e7\u00e3o\t\t\t\t\t\t\t<\/label>\n\t\t\t\t\t\t\t\t\t\t\t\t\t\t<input size=\"1\" type=\"text\" name=\"form_fields[field_f620932]\" id=\"form-field-field_f620932\" class=\"elementor-field elementor-size-md  elementor-field-textual\" placeholder=\"\u00c1rea de atua\u00e7\u00e3o\">\n\t\t\t\t\t\t\t\t\t\t\t<\/div>\n\t\t\t\t\t\t\t\t<div class=\"elementor-field-type-textarea elementor-field-group elementor-column elementor-field-group-message elementor-col-100 elementor-field-required elementor-mark-required\">\n\t\t\t\t\t\t\t\t\t\t\t\t<label for=\"form-field-message\" class=\"elementor-field-label\">\n\t\t\t\t\t\t\t\tMensagem\t\t\t\t\t\t\t<\/label>\n\t\t\t\t\t\t<textarea class=\"elementor-field-textual elementor-field  elementor-size-md\" name=\"form_fields[message]\" id=\"form-field-message\" rows=\"6\" placeholder=\"Conte-nos sobre sua necessidade ou desafio\" required=\"required\"><\/textarea>\t\t\t\t<\/div>\n\t\t\t\t\t\t\t\t<div class=\"elementor-field-group elementor-column elementor-field-type-submit elementor-col-100 e-form__buttons\">\n\t\t\t\t\t<button class=\"elementor-button elementor-size-sm\" type=\"submit\">\n\t\t\t\t\t\t<span class=\"elementor-button-content-wrapper\">\n\t\t\t\t\t\t\t\t\t\t\t\t\t\t\t<span class=\"elementor-button-icon\">\n\t\t\t\t\t\t\t\t\t<svg aria-hidden=\"true\" class=\"e-font-icon-svg e-fas-paper-plane\" viewBox=\"0 0 512 512\" xmlns=\"http:\/\/www.w3.org\/2000\/svg\"><path d=\"M476 3.2L12.5 270.6c-18.1 10.4-15.8 35.6 2.2 43.2L121 358.4l287.3-253.2c5.5-4.9 13.3 2.6 8.6 8.3L176 407v80.5c0 23.6 28.5 32.9 42.5 15.8L282 426l124.6 52.2c14.2 6 30.4-2.9 33-18.2l72-432C515 7.8 493.3-6.8 476 3.2z\"><\/path><\/svg>\t\t\t\t\t\t\t\t\t\t\t\t\t\t\t\t\t<\/span>\n\t\t\t\t\t\t\t\t\t\t\t\t\t\t\t\t\t\t\t\t\t\t<span class=\"elementor-button-text\">Enviar<\/span>\n\t\t\t\t\t\t\t\t\t\t\t\t\t<\/span>\n\t\t\t\t\t<\/button>\n\t\t\t\t<\/div>\n\t\t\t<\/div>\n\t\t<\/form>\n\t\t\t\t\t\t<\/div>\n\t\t\t\t<\/div>\n\t\t<div class=\"elementor-element elementor-element-678557a e-con-full e-flex e-con e-child\" data-id=\"678557a\" data-element_type=\"container\" data-e-type=\"container\">\n\t\t\t\t<div class=\"elementor-element elementor-element-7d0f62d elementor-invisible elementor-widget elementor-widget-google_maps\" data-id=\"7d0f62d\" data-element_type=\"widget\" data-e-type=\"widget\" data-settings=\"{&quot;_animation&quot;:&quot;slideInRight&quot;}\" data-widget_type=\"google_maps.default\">\n\t\t\t\t\t\t\t<div class=\"elementor-custom-embed\">\n\t\t\t<iframe loading=\"lazy\"\n\t\t\t\t\tsrc=\"https:\/\/maps.google.com\/maps?q=R.%20Cap.%20Ant%C3%B4nio%20Rosa%2C%20376&#038;t=m&#038;z=16&#038;output=embed&#038;iwloc=near\"\n\t\t\t\t\ttitle=\"R. Cap. Ant\u00f4nio Rosa, 376\"\n\t\t\t\t\taria-label=\"R. Cap. Ant\u00f4nio Rosa, 376\"\n\t\t\t><\/iframe>\n\t\t<\/div>\n\t\t\t\t\t\t<\/div>\n\t\t\t\t<\/div>\n\t\t\t\t<\/div>\n\t\t\t\t<div class=\"elementor-element elementor-element-b3b64b6 elementor-widget elementor-widget-spacer\" data-id=\"b3b64b6\" data-element_type=\"widget\" data-e-type=\"widget\" data-widget_type=\"spacer.default\">\n\t\t\t\t\t\t\t<div class=\"elementor-spacer\">\n\t\t\t<div class=\"elementor-spacer-inner\"><\/div>\n\t\t<\/div>\n\t\t\t\t\t\t<\/div>\n\t\t\t\t\t<\/div>\n\t\t\t\t<\/div>\n\t\t\t\t<\/div>\n\t\t","protected":false},"excerpt":{"rendered":"<p>Contato Quer conhecer melhor nossas solu\u00e7\u00f5es ou tirar d\u00favidas comerciais com o time da Safeway? Preencha o formul\u00e1rio ou fale conosco direto pelo WhatsApp. Contato Atendemos empresas que operam em mercados complexos como e-commerce, games, cripto e iGaming. Nosso time est\u00e1 preparado para estruturar a melhor solu\u00e7\u00e3o financeira para voc\u00ea.<\/p>","protected":false},"author":1,"featured_media":801,"parent":0,"menu_order":0,"comment_status":"closed","ping_status":"closed","template":"","meta":{"footnotes":""},"class_list":["post-16","page","type-page","status-publish","has-post-thumbnail","hentry"],"yoast_head":"<!-- This site is optimized with the Yoast SEO plugin v27.3 - https:\/\/yoast.com\/product\/yoast-seo-wordpress\/ -->\n<title>Contato - SafeWay<\/title>\n<meta name=\"robots\" content=\"index, follow, max-snippet:-1, max-image-preview:large, max-video-preview:-1\" \/>\n<link rel=\"canonical\" href=\"https:\/\/thesafeway.com.br\/en\/contato\/\" \/>\n<meta property=\"og:locale\" content=\"en_US\" \/>\n<meta property=\"og:type\" content=\"article\" \/>\n<meta property=\"og:title\" content=\"Contato - SafeWay\" \/>\n<meta property=\"og:description\" content=\"Contato Quer conhecer melhor nossas solu\u00e7\u00f5es ou tirar d\u00favidas comerciais com o time da Safeway? Preencha o formul\u00e1rio ou fale conosco direto pelo WhatsApp. Contato Atendemos empresas que operam em mercados complexos como e-commerce, games, cripto e iGaming. Nosso time est\u00e1 preparado para estruturar a melhor solu\u00e7\u00e3o financeira para voc\u00ea.\" \/>\n<meta property=\"og:url\" content=\"https:\/\/thesafeway.com.br\/en\/contato\/\" \/>\n<meta property=\"og:site_name\" content=\"SafeWay\" \/>\n<meta property=\"article:modified_time\" content=\"2026-04-07T15:40:05+00:00\" \/>\n<meta property=\"og:image\" content=\"https:\/\/thesafeway.com.br\/wp-content\/uploads\/2025\/08\/Ico-Safeway-512.png\" \/>\n\t<meta property=\"og:image:width\" content=\"512\" \/>\n\t<meta property=\"og:image:height\" content=\"512\" \/>\n\t<meta property=\"og:image:type\" content=\"image\/png\" \/>\n<meta name=\"twitter:card\" content=\"summary_large_image\" \/>\n<meta name=\"twitter:label1\" content=\"Est. reading time\" \/>\n\t<meta name=\"twitter:data1\" content=\"1 minute\" \/>\n<script type=\"application\/ld+json\" class=\"yoast-schema-graph\">{\"@context\":\"https:\\\/\\\/schema.org\",\"@graph\":[{\"@type\":\"WebPage\",\"@id\":\"https:\\\/\\\/thesafeway.com.br\\\/contato\\\/\",\"url\":\"https:\\\/\\\/thesafeway.com.br\\\/contato\\\/\",\"name\":\"Contato - SafeWay\",\"isPartOf\":{\"@id\":\"https:\\\/\\\/thesafeway.com.br\\\/#website\"},\"primaryImageOfPage\":{\"@id\":\"https:\\\/\\\/thesafeway.com.br\\\/contato\\\/#primaryimage\"},\"image\":{\"@id\":\"https:\\\/\\\/thesafeway.com.br\\\/contato\\\/#primaryimage\"},\"thumbnailUrl\":\"https:\\\/\\\/thesafeway.com.br\\\/wp-content\\\/uploads\\\/2025\\\/08\\\/Ico-Safeway-512.png\",\"datePublished\":\"2025-08-18T13:34:57+00:00\",\"dateModified\":\"2026-04-07T15:40:05+00:00\",\"breadcrumb\":{\"@id\":\"https:\\\/\\\/thesafeway.com.br\\\/contato\\\/#breadcrumb\"},\"inLanguage\":\"en-US\",\"potentialAction\":[{\"@type\":\"ReadAction\",\"target\":[\"https:\\\/\\\/thesafeway.com.br\\\/contato\\\/\"]}]},{\"@type\":\"ImageObject\",\"inLanguage\":\"en-US\",\"@id\":\"https:\\\/\\\/thesafeway.com.br\\\/contato\\\/#primaryimage\",\"url\":\"https:\\\/\\\/thesafeway.com.br\\\/wp-content\\\/uploads\\\/2025\\\/08\\\/Ico-Safeway-512.png\",\"contentUrl\":\"https:\\\/\\\/thesafeway.com.br\\\/wp-content\\\/uploads\\\/2025\\\/08\\\/Ico-Safeway-512.png\",\"width\":512,\"height\":512},{\"@type\":\"BreadcrumbList\",\"@id\":\"https:\\\/\\\/thesafeway.com.br\\\/contato\\\/#breadcrumb\",\"itemListElement\":[{\"@type\":\"ListItem\",\"position\":1,\"name\":\"In\u00edcio\",\"item\":\"https:\\\/\\\/thesafeway.com.br\\\/\"},{\"@type\":\"ListItem\",\"position\":2,\"name\":\"Contato\"}]},{\"@type\":\"WebSite\",\"@id\":\"https:\\\/\\\/thesafeway.com.br\\\/#website\",\"url\":\"https:\\\/\\\/thesafeway.com.br\\\/\",\"name\":\"SafeWay\",\"description\":\"Servi\u00e7os de Pagamento\",\"publisher\":{\"@id\":\"https:\\\/\\\/thesafeway.com.br\\\/#organization\"},\"potentialAction\":[{\"@type\":\"SearchAction\",\"target\":{\"@type\":\"EntryPoint\",\"urlTemplate\":\"https:\\\/\\\/thesafeway.com.br\\\/?s={search_term_string}\"},\"query-input\":{\"@type\":\"PropertyValueSpecification\",\"valueRequired\":true,\"valueName\":\"search_term_string\"}}],\"inLanguage\":\"en-US\"},{\"@type\":\"Organization\",\"@id\":\"https:\\\/\\\/thesafeway.com.br\\\/#organization\",\"name\":\"Safe Way Gest\u00e3o de Recursos Financeiros\",\"url\":\"https:\\\/\\\/thesafeway.com.br\\\/\",\"logo\":{\"@type\":\"ImageObject\",\"inLanguage\":\"en-US\",\"@id\":\"https:\\\/\\\/thesafeway.com.br\\\/#\\\/schema\\\/logo\\\/image\\\/\",\"url\":\"https:\\\/\\\/thesafeway.com.br\\\/wp-content\\\/uploads\\\/2025\\\/10\\\/Logo-Safeway-1200.png\",\"contentUrl\":\"https:\\\/\\\/thesafeway.com.br\\\/wp-content\\\/uploads\\\/2025\\\/10\\\/Logo-Safeway-1200.png\",\"width\":1200,\"height\":340,\"caption\":\"Safe Way Gest\u00e3o de Recursos Financeiros\"},\"image\":{\"@id\":\"https:\\\/\\\/thesafeway.com.br\\\/#\\\/schema\\\/logo\\\/image\\\/\"},\"sameAs\":[\"https:\\\/\\\/www.linkedin.com\\\/company\\\/safewaypagamentos\\\/\",\"https:\\\/\\\/www.instagram.com\\\/safewaypagamentos\\\/\"]}]}<\/script>\n<!-- \/ Yoast SEO plugin. -->","yoast_head_json":{"title":"Contato - SafeWay","robots":{"index":"index","follow":"follow","max-snippet":"max-snippet:-1","max-image-preview":"max-image-preview:large","max-video-preview":"max-video-preview:-1"},"canonical":"https:\/\/thesafeway.com.br\/en\/contato\/","og_locale":"en_US","og_type":"article","og_title":"Contato - SafeWay","og_description":"Contato Quer conhecer melhor nossas solu\u00e7\u00f5es ou tirar d\u00favidas comerciais com o time da Safeway? Preencha o formul\u00e1rio ou fale conosco direto pelo WhatsApp. Contato Atendemos empresas que operam em mercados complexos como e-commerce, games, cripto e iGaming. Nosso time est\u00e1 preparado para estruturar a melhor solu\u00e7\u00e3o financeira para voc\u00ea.","og_url":"https:\/\/thesafeway.com.br\/en\/contato\/","og_site_name":"SafeWay","article_modified_time":"2026-04-07T15:40:05+00:00","og_image":[{"width":512,"height":512,"url":"https:\/\/thesafeway.com.br\/wp-content\/uploads\/2025\/08\/Ico-Safeway-512.png","type":"image\/png"}],"twitter_card":"summary_large_image","twitter_misc":{"Est. reading time":"1 minute"},"schema":{"@context":"https:\/\/schema.org","@graph":[{"@type":"WebPage","@id":"https:\/\/thesafeway.com.br\/contato\/","url":"https:\/\/thesafeway.com.br\/contato\/","name":"Contato - SafeWay","isPartOf":{"@id":"https:\/\/thesafeway.com.br\/#website"},"primaryImageOfPage":{"@id":"https:\/\/thesafeway.com.br\/contato\/#primaryimage"},"image":{"@id":"https:\/\/thesafeway.com.br\/contato\/#primaryimage"},"thumbnailUrl":"https:\/\/thesafeway.com.br\/wp-content\/uploads\/2025\/08\/Ico-Safeway-512.png","datePublished":"2025-08-18T13:34:57+00:00","dateModified":"2026-04-07T15:40:05+00:00","breadcrumb":{"@id":"https:\/\/thesafeway.com.br\/contato\/#breadcrumb"},"inLanguage":"en-US","potentialAction":[{"@type":"ReadAction","target":["https:\/\/thesafeway.com.br\/contato\/"]}]},{"@type":"ImageObject","inLanguage":"en-US","@id":"https:\/\/thesafeway.com.br\/contato\/#primaryimage","url":"https:\/\/thesafeway.com.br\/wp-content\/uploads\/2025\/08\/Ico-Safeway-512.png","contentUrl":"https:\/\/thesafeway.com.br\/wp-content\/uploads\/2025\/08\/Ico-Safeway-512.png","width":512,"height":512},{"@type":"BreadcrumbList","@id":"https:\/\/thesafeway.com.br\/contato\/#breadcrumb","itemListElement":[{"@type":"ListItem","position":1,"name":"In\u00edcio","item":"https:\/\/thesafeway.com.br\/"},{"@type":"ListItem","position":2,"name":"Contato"}]},{"@type":"WebSite","@id":"https:\/\/thesafeway.com.br\/#website","url":"https:\/\/thesafeway.com.br\/","name":"SafeWay","description":"Servi\u00e7os de Pagamento","publisher":{"@id":"https:\/\/thesafeway.com.br\/#organization"},"potentialAction":[{"@type":"SearchAction","target":{"@type":"EntryPoint","urlTemplate":"https:\/\/thesafeway.com.br\/?s={search_term_string}"},"query-input":{"@type":"PropertyValueSpecification","valueRequired":true,"valueName":"search_term_string"}}],"inLanguage":"en-US"},{"@type":"Organization","@id":"https:\/\/thesafeway.com.br\/#organization","name":"Safe Way Gest\u00e3o de Recursos Financeiros","url":"https:\/\/thesafeway.com.br\/","logo":{"@type":"ImageObject","inLanguage":"en-US","@id":"https:\/\/thesafeway.com.br\/#\/schema\/logo\/image\/","url":"https:\/\/thesafeway.com.br\/wp-content\/uploads\/2025\/10\/Logo-Safeway-1200.png","contentUrl":"https:\/\/thesafeway.com.br\/wp-content\/uploads\/2025\/10\/Logo-Safeway-1200.png","width":1200,"height":340,"caption":"Safe Way Gest\u00e3o de Recursos Financeiros"},"image":{"@id":"https:\/\/thesafeway.com.br\/#\/schema\/logo\/image\/"},"sameAs":["https:\/\/www.linkedin.com\/company\/safewaypagamentos\/","https:\/\/www.instagram.com\/safewaypagamentos\/"]}]}},"_links":{"self":[{"href":"https:\/\/thesafeway.com.br\/en\/wp-json\/wp\/v2\/pages\/16","targetHints":{"allow":["GET"]}}],"collection":[{"href":"https:\/\/thesafeway.com.br\/en\/wp-json\/wp\/v2\/pages"}],"about":[{"href":"https:\/\/thesafeway.com.br\/en\/wp-json\/wp\/v2\/types\/page"}],"author":[{"embeddable":true,"href":"https:\/\/thesafeway.com.br\/en\/wp-json\/wp\/v2\/users\/1"}],"replies":[{"embeddable":true,"href":"https:\/\/thesafeway.com.br\/en\/wp-json\/wp\/v2\/comments?post=16"}],"version-history":[{"count":177,"href":"https:\/\/thesafeway.com.br\/en\/wp-json\/wp\/v2\/pages\/16\/revisions"}],"predecessor-version":[{"id":3024,"href":"https:\/\/thesafeway.com.br\/en\/wp-json\/wp\/v2\/pages\/16\/revisions\/3024"}],"wp:featuredmedia":[{"embeddable":true,"href":"https:\/\/thesafeway.com.br\/en\/wp-json\/wp\/v2\/media\/801"}],"wp:attachment":[{"href":"https:\/\/thesafeway.com.br\/en\/wp-json\/wp\/v2\/media?parent=16"}],"curies":[{"name":"wp","href":"https:\/\/api.w.org\/{rel}","templated":true}]}}