{"id":1722,"date":"2025-09-11T12:30:48","date_gmt":"2025-09-11T15:30:48","guid":{"rendered":"https:\/\/thesafeway.com.br\/?page_id=1722"},"modified":"2025-11-11T15:01:28","modified_gmt":"2025-11-11T18:01:28","slug":"compliance","status":"publish","type":"page","link":"https:\/\/thesafeway.com.br\/en\/compliance\/","title":{"rendered":"Compliance"},"content":{"rendered":"<div data-elementor-type=\"wp-page\" data-elementor-id=\"1722\" class=\"elementor elementor-1722\" data-elementor-post-type=\"page\">\n\t\t\t\t<div class=\"elementor-element elementor-element-d35017b e-flex e-con-boxed e-con e-parent\" data-id=\"d35017b\" data-element_type=\"container\" data-e-type=\"container\" data-settings=\"{&quot;background_background&quot;:&quot;classic&quot;}\">\n\t\t\t\t\t<div class=\"e-con-inner\">\n\t\t<div class=\"elementor-element elementor-element-1527abe e-flex e-con-boxed e-con e-child\" data-id=\"1527abe\" data-element_type=\"container\" data-e-type=\"container\">\n\t\t\t\t\t<div class=\"e-con-inner\">\n\t\t<div class=\"elementor-element elementor-element-63169b4 e-con-full e-flex e-con e-child\" data-id=\"63169b4\" data-element_type=\"container\" data-e-type=\"container\">\n\t\t\t\t<div class=\"elementor-element elementor-element-e196c12 animated-fast elementor-widget-mobile__width-inherit elementor-widget__width-initial elementor-invisible elementor-widget elementor-widget-heading\" data-id=\"e196c12\" data-element_type=\"widget\" data-e-type=\"widget\" data-settings=\"{&quot;_animation&quot;:&quot;fadeInLeft&quot;}\" data-widget_type=\"heading.default\">\n\t\t\t\t\t<h2 class=\"elementor-heading-title elementor-size-default\">Compliance that protects your business<\/h2>\t\t\t\t<\/div>\n\t\t\t\t<div class=\"elementor-element elementor-element-f4a44ae elementor-widget__width-initial elementor-invisible elementor-widget elementor-widget-heading\" data-id=\"f4a44ae\" data-element_type=\"widget\" data-e-type=\"widget\" data-settings=\"{&quot;_animation&quot;:&quot;fadeInDown&quot;,&quot;_animation_delay&quot;:200}\" data-widget_type=\"heading.default\">\n\t\t\t\t\t<div class=\"elementor-heading-title elementor-size-default\">Transparency and responsibility in every decision.<\/div>\t\t\t\t<\/div>\n\t\t\t\t<\/div>\n\t\t\t\t\t<\/div>\n\t\t\t\t<\/div>\n\t\t\t\t\t<\/div>\n\t\t\t\t<\/div>\n\t\t<div class=\"elementor-element elementor-element-ba46cc9 e-flex e-con-boxed e-con e-parent\" data-id=\"ba46cc9\" data-element_type=\"container\" data-e-type=\"container\">\n\t\t\t\t\t<div class=\"e-con-inner\">\n\t\t\t\t<div class=\"elementor-element elementor-element-a867e4d elementor-widget elementor-widget-spacer\" data-id=\"a867e4d\" data-element_type=\"widget\" data-e-type=\"widget\" data-widget_type=\"spacer.default\">\n\t\t\t\t\t\t\t<div class=\"elementor-spacer\">\n\t\t\t<div class=\"elementor-spacer-inner\"><\/div>\n\t\t<\/div>\n\t\t\t\t\t\t<\/div>\n\t\t\t\t\t<\/div>\n\t\t\t\t<\/div>\n\t\t<div class=\"elementor-element elementor-element-2432ef6 e-flex e-con-boxed e-con e-parent\" data-id=\"2432ef6\" data-element_type=\"container\" data-e-type=\"container\">\n\t\t\t\t\t<div class=\"e-con-inner\">\n\t\t\t\t<div class=\"elementor-element elementor-element-c2584be elementor-widget elementor-widget-text-editor\" data-id=\"c2584be\" data-element_type=\"widget\" data-e-type=\"widget\" data-widget_type=\"text-editor.default\">\n\t\t\t\t\t\t\t\t\t<p>At Safeway, we follow strict compliance and corporate governance standards.<\/p><p>Here you will find our policies, which reinforce our commitment to ethics, integrity, and regulatory compliance in all operations.<\/p>\t\t\t\t\t\t\t\t<\/div>\n\t\t<div class=\"elementor-element elementor-element-36894ee e-grid e-con-boxed e-con e-child\" data-id=\"36894ee\" data-element_type=\"container\" data-e-type=\"container\">\n\t\t\t\t\t<div class=\"e-con-inner\">\n\t\t\t\t<div class=\"elementor-element elementor-element-dcd635e animated-slow e-transform elementor-position-top elementor-widget elementor-widget-image-box\" data-id=\"dcd635e\" data-element_type=\"widget\" data-e-type=\"widget\" data-settings=\"{&quot;_animation&quot;:&quot;none&quot;,&quot;_transform_scale_effect_hover&quot;:{&quot;unit&quot;:&quot;px&quot;,&quot;size&quot;:1.04000000000000003552713678800500929355621337890625,&quot;sizes&quot;:[]},&quot;_transform_scale_effect_hover_tablet&quot;:{&quot;unit&quot;:&quot;px&quot;,&quot;size&quot;:&quot;&quot;,&quot;sizes&quot;:[]},&quot;_transform_scale_effect_hover_mobile&quot;:{&quot;unit&quot;:&quot;px&quot;,&quot;size&quot;:&quot;&quot;,&quot;sizes&quot;:[]}}\" data-widget_type=\"image-box.default\">\n\t\t\t\t\t<div class=\"elementor-image-box-wrapper\"><figure class=\"elementor-image-box-img\"><a href=\"https:\/\/thesafeway.com.br\/wp-content\/uploads\/2025\/09\/CODIGO-DE-ETICA-E-CONDUTA-SAFEWAY.pdf\" target=\"_blank\" tabindex=\"-1\"><img decoding=\"async\" width=\"114\" height=\"180\" src=\"https:\/\/thesafeway.com.br\/wp-content\/uploads\/2025\/09\/Ico-Safaway.svg\" class=\"attachment-full size-full wp-image-1438\" alt=\"\" \/><\/a><\/figure><div class=\"elementor-image-box-content\"><h3 class=\"elementor-image-box-title\"><a href=\"https:\/\/thesafeway.com.br\/wp-content\/uploads\/2025\/09\/CODIGO-DE-ETICA-E-CONDUTA-SAFEWAY.pdf\" target=\"_blank\">C\u00f3digo de \u00e9tica e conduta<\/a><\/h3><\/div><\/div>\t\t\t\t<\/div>\n\t\t\t\t<div class=\"elementor-element elementor-element-057aceb animated-slow e-transform elementor-position-top elementor-widget elementor-widget-image-box\" data-id=\"057aceb\" data-element_type=\"widget\" data-e-type=\"widget\" data-settings=\"{&quot;_animation&quot;:&quot;none&quot;,&quot;_transform_scale_effect_hover&quot;:{&quot;unit&quot;:&quot;px&quot;,&quot;size&quot;:1.04000000000000003552713678800500929355621337890625,&quot;sizes&quot;:[]},&quot;_transform_scale_effect_hover_tablet&quot;:{&quot;unit&quot;:&quot;px&quot;,&quot;size&quot;:&quot;&quot;,&quot;sizes&quot;:[]},&quot;_transform_scale_effect_hover_mobile&quot;:{&quot;unit&quot;:&quot;px&quot;,&quot;size&quot;:&quot;&quot;,&quot;sizes&quot;:[]}}\" data-widget_type=\"image-box.default\">\n\t\t\t\t\t<div class=\"elementor-image-box-wrapper\"><figure class=\"elementor-image-box-img\"><a href=\"https:\/\/thesafeway.com.br\/wp-content\/uploads\/2025\/09\/POLITICA-CORPORATIVA-DE-SEGURANCA-DA-INFORMACAO.pdf\" target=\"_blank\" tabindex=\"-1\"><img decoding=\"async\" width=\"114\" height=\"180\" src=\"https:\/\/thesafeway.com.br\/wp-content\/uploads\/2025\/09\/Ico-Safaway.svg\" class=\"attachment-full size-full wp-image-1438\" alt=\"\" \/><\/a><\/figure><div class=\"elementor-image-box-content\"><h3 class=\"elementor-image-box-title\"><a href=\"https:\/\/thesafeway.com.br\/wp-content\/uploads\/2025\/09\/POLITICA-CORPORATIVA-DE-SEGURANCA-DA-INFORMACAO.pdf\" target=\"_blank\">Pol\u00edtica corporativa de seguran\u00e7a da informa\u00e7\u00e3o<\/a><\/h3><\/div><\/div>\t\t\t\t<\/div>\n\t\t\t\t<div class=\"elementor-element elementor-element-432b7e0 animated-slow e-transform elementor-position-top elementor-widget elementor-widget-image-box\" data-id=\"432b7e0\" data-element_type=\"widget\" data-e-type=\"widget\" data-settings=\"{&quot;_animation&quot;:&quot;none&quot;,&quot;_transform_scale_effect_hover&quot;:{&quot;unit&quot;:&quot;px&quot;,&quot;size&quot;:1.04000000000000003552713678800500929355621337890625,&quot;sizes&quot;:[]},&quot;_transform_scale_effect_hover_tablet&quot;:{&quot;unit&quot;:&quot;px&quot;,&quot;size&quot;:&quot;&quot;,&quot;sizes&quot;:[]},&quot;_transform_scale_effect_hover_mobile&quot;:{&quot;unit&quot;:&quot;px&quot;,&quot;size&quot;:&quot;&quot;,&quot;sizes&quot;:[]}}\" data-widget_type=\"image-box.default\">\n\t\t\t\t\t<div class=\"elementor-image-box-wrapper\"><figure class=\"elementor-image-box-img\"><a href=\"https:\/\/thesafeway.com.br\/wp-content\/uploads\/2025\/09\/POLITICA-DE-CONTRATACAO-DE-TERCEIROS-SAFEWAY.pdf\" target=\"_blank\" tabindex=\"-1\"><img decoding=\"async\" width=\"114\" height=\"180\" src=\"https:\/\/thesafeway.com.br\/wp-content\/uploads\/2025\/09\/Ico-Safaway.svg\" class=\"attachment-full size-full wp-image-1438\" alt=\"\" \/><\/a><\/figure><div class=\"elementor-image-box-content\"><h3 class=\"elementor-image-box-title\"><a href=\"https:\/\/thesafeway.com.br\/wp-content\/uploads\/2025\/09\/POLITICA-DE-CONTRATACAO-DE-TERCEIROS-SAFEWAY.pdf\" target=\"_blank\">Pol\u00edtica de contrata\u00e7\u00e3o de terceiros<\/a><\/h3><\/div><\/div>\t\t\t\t<\/div>\n\t\t\t\t<div class=\"elementor-element elementor-element-fbbfa98 animated-slow e-transform elementor-position-top elementor-widget elementor-widget-image-box\" data-id=\"fbbfa98\" data-element_type=\"widget\" data-e-type=\"widget\" data-settings=\"{&quot;_animation&quot;:&quot;none&quot;,&quot;_transform_scale_effect_hover&quot;:{&quot;unit&quot;:&quot;px&quot;,&quot;size&quot;:1.04000000000000003552713678800500929355621337890625,&quot;sizes&quot;:[]},&quot;_transform_scale_effect_hover_tablet&quot;:{&quot;unit&quot;:&quot;px&quot;,&quot;size&quot;:&quot;&quot;,&quot;sizes&quot;:[]},&quot;_transform_scale_effect_hover_mobile&quot;:{&quot;unit&quot;:&quot;px&quot;,&quot;size&quot;:&quot;&quot;,&quot;sizes&quot;:[]}}\" data-widget_type=\"image-box.default\">\n\t\t\t\t\t<div class=\"elementor-image-box-wrapper\"><figure class=\"elementor-image-box-img\"><a href=\"https:\/\/thesafeway.com.br\/wp-content\/uploads\/2025\/09\/POLITICA-DE-PREVENCAO-A-LAVAGEM-DE-DINHEIRO-SAFEWAY.pdf\" target=\"_blank\" tabindex=\"-1\"><img decoding=\"async\" width=\"114\" height=\"180\" src=\"https:\/\/thesafeway.com.br\/wp-content\/uploads\/2025\/09\/Ico-Safaway.svg\" class=\"attachment-full size-full wp-image-1438\" alt=\"\" \/><\/a><\/figure><div class=\"elementor-image-box-content\"><h3 class=\"elementor-image-box-title\"><a href=\"https:\/\/thesafeway.com.br\/wp-content\/uploads\/2025\/09\/POLITICA-DE-PREVENCAO-A-LAVAGEM-DE-DINHEIRO-SAFEWAY.pdf\" target=\"_blank\">Pol\u00edtica de prevens\u00e3o a lavagem de dinheiro<\/a><\/h3><\/div><\/div>\t\t\t\t<\/div>\n\t\t\t\t\t<\/div>\n\t\t\t\t<\/div>\n\t\t\t\t\t<\/div>\n\t\t\t\t<\/div>\n\t\t<div class=\"elementor-element elementor-element-9efbdbf e-flex e-con-boxed e-con e-parent\" data-id=\"9efbdbf\" data-element_type=\"container\" data-e-type=\"container\">\n\t\t\t\t\t<div class=\"e-con-inner\">\n\t\t\t\t<div class=\"elementor-element elementor-element-4ca6ef1 elementor-widget elementor-widget-spacer\" data-id=\"4ca6ef1\" data-element_type=\"widget\" data-e-type=\"widget\" data-widget_type=\"spacer.default\">\n\t\t\t\t\t\t\t<div class=\"elementor-spacer\">\n\t\t\t<div class=\"elementor-spacer-inner\"><\/div>\n\t\t<\/div>\n\t\t\t\t\t\t<\/div>\n\t\t\t\t\t<\/div>\n\t\t\t\t<\/div>\n\t\t\t\t<\/div>","protected":false},"excerpt":{"rendered":"<p>Compliance que protege seu neg\u00f3cio Transpar\u00eancia e responsabilidade em cada decis\u00e3o. Na Safeway, seguimos rigorosos padr\u00f5es de compliance e governan\u00e7a corporativa. Aqui voc\u00ea encontra nossas pol\u00edticas, que refor\u00e7am o compromisso com \u00e9tica, integridade e conformidade regulat\u00f3ria em todas as opera\u00e7\u00f5es. C\u00f3digo de \u00e9tica e conduta Pol\u00edtica corporativa de seguran\u00e7a da informa\u00e7\u00e3o Pol\u00edtica de contrata\u00e7\u00e3o de [&hellip;]<\/p>\n","protected":false},"author":1,"featured_media":801,"parent":0,"menu_order":0,"comment_status":"closed","ping_status":"closed","template":"","meta":{"footnotes":""},"class_list":["post-1722","page","type-page","status-publish","has-post-thumbnail","hentry"],"yoast_head":"<!-- This site is optimized with the Yoast SEO plugin v27.3 - https:\/\/yoast.com\/product\/yoast-seo-wordpress\/ -->\n<title>Compliance - SafeWay<\/title>\n<meta name=\"robots\" content=\"index, follow, max-snippet:-1, max-image-preview:large, max-video-preview:-1\" \/>\n<link rel=\"canonical\" href=\"https:\/\/thesafeway.com.br\/en\/compliance\/\" \/>\n<meta property=\"og:locale\" content=\"en_US\" \/>\n<meta property=\"og:type\" content=\"article\" \/>\n<meta property=\"og:title\" content=\"Compliance - SafeWay\" \/>\n<meta property=\"og:description\" content=\"Compliance que protege seu neg\u00f3cio Transpar\u00eancia e responsabilidade em cada decis\u00e3o. Na Safeway, seguimos rigorosos padr\u00f5es de compliance e governan\u00e7a corporativa. Aqui voc\u00ea encontra nossas pol\u00edticas, que refor\u00e7am o compromisso com \u00e9tica, integridade e conformidade regulat\u00f3ria em todas as opera\u00e7\u00f5es. C\u00f3digo de \u00e9tica e conduta Pol\u00edtica corporativa de seguran\u00e7a da informa\u00e7\u00e3o Pol\u00edtica de contrata\u00e7\u00e3o de [&hellip;]\" \/>\n<meta property=\"og:url\" content=\"https:\/\/thesafeway.com.br\/en\/compliance\/\" \/>\n<meta property=\"og:site_name\" content=\"SafeWay\" \/>\n<meta property=\"article:modified_time\" content=\"2025-11-11T18:01:28+00:00\" \/>\n<meta property=\"og:image\" content=\"https:\/\/thesafeway.com.br\/wp-content\/uploads\/2025\/08\/Ico-Safeway-512.png\" \/>\n\t<meta property=\"og:image:width\" content=\"512\" \/>\n\t<meta property=\"og:image:height\" content=\"512\" \/>\n\t<meta property=\"og:image:type\" content=\"image\/png\" \/>\n<meta name=\"twitter:card\" content=\"summary_large_image\" \/>\n<meta name=\"twitter:label1\" content=\"Est. reading time\" \/>\n\t<meta name=\"twitter:data1\" content=\"2 minutes\" \/>\n<script type=\"application\/ld+json\" class=\"yoast-schema-graph\">{\"@context\":\"https:\\\/\\\/schema.org\",\"@graph\":[{\"@type\":\"WebPage\",\"@id\":\"https:\\\/\\\/thesafeway.com.br\\\/compliance\\\/\",\"url\":\"https:\\\/\\\/thesafeway.com.br\\\/compliance\\\/\",\"name\":\"Compliance - SafeWay\",\"isPartOf\":{\"@id\":\"https:\\\/\\\/thesafeway.com.br\\\/#website\"},\"primaryImageOfPage\":{\"@id\":\"https:\\\/\\\/thesafeway.com.br\\\/compliance\\\/#primaryimage\"},\"image\":{\"@id\":\"https:\\\/\\\/thesafeway.com.br\\\/compliance\\\/#primaryimage\"},\"thumbnailUrl\":\"https:\\\/\\\/thesafeway.com.br\\\/wp-content\\\/uploads\\\/2025\\\/08\\\/Ico-Safeway-512.png\",\"datePublished\":\"2025-09-11T15:30:48+00:00\",\"dateModified\":\"2025-11-11T18:01:28+00:00\",\"breadcrumb\":{\"@id\":\"https:\\\/\\\/thesafeway.com.br\\\/compliance\\\/#breadcrumb\"},\"inLanguage\":\"en-US\",\"potentialAction\":[{\"@type\":\"ReadAction\",\"target\":[\"https:\\\/\\\/thesafeway.com.br\\\/compliance\\\/\"]}]},{\"@type\":\"ImageObject\",\"inLanguage\":\"en-US\",\"@id\":\"https:\\\/\\\/thesafeway.com.br\\\/compliance\\\/#primaryimage\",\"url\":\"https:\\\/\\\/thesafeway.com.br\\\/wp-content\\\/uploads\\\/2025\\\/08\\\/Ico-Safeway-512.png\",\"contentUrl\":\"https:\\\/\\\/thesafeway.com.br\\\/wp-content\\\/uploads\\\/2025\\\/08\\\/Ico-Safeway-512.png\",\"width\":512,\"height\":512},{\"@type\":\"BreadcrumbList\",\"@id\":\"https:\\\/\\\/thesafeway.com.br\\\/compliance\\\/#breadcrumb\",\"itemListElement\":[{\"@type\":\"ListItem\",\"position\":1,\"name\":\"In\u00edcio\",\"item\":\"https:\\\/\\\/thesafeway.com.br\\\/\"},{\"@type\":\"ListItem\",\"position\":2,\"name\":\"Compliance\"}]},{\"@type\":\"WebSite\",\"@id\":\"https:\\\/\\\/thesafeway.com.br\\\/#website\",\"url\":\"https:\\\/\\\/thesafeway.com.br\\\/\",\"name\":\"SafeWay\",\"description\":\"Servi\u00e7os de Pagamento\",\"publisher\":{\"@id\":\"https:\\\/\\\/thesafeway.com.br\\\/#organization\"},\"potentialAction\":[{\"@type\":\"SearchAction\",\"target\":{\"@type\":\"EntryPoint\",\"urlTemplate\":\"https:\\\/\\\/thesafeway.com.br\\\/?s={search_term_string}\"},\"query-input\":{\"@type\":\"PropertyValueSpecification\",\"valueRequired\":true,\"valueName\":\"search_term_string\"}}],\"inLanguage\":\"en-US\"},{\"@type\":\"Organization\",\"@id\":\"https:\\\/\\\/thesafeway.com.br\\\/#organization\",\"name\":\"Safe Way Gest\u00e3o de Recursos Financeiros\",\"url\":\"https:\\\/\\\/thesafeway.com.br\\\/\",\"logo\":{\"@type\":\"ImageObject\",\"inLanguage\":\"en-US\",\"@id\":\"https:\\\/\\\/thesafeway.com.br\\\/#\\\/schema\\\/logo\\\/image\\\/\",\"url\":\"https:\\\/\\\/thesafeway.com.br\\\/wp-content\\\/uploads\\\/2025\\\/10\\\/Logo-Safeway-1200.png\",\"contentUrl\":\"https:\\\/\\\/thesafeway.com.br\\\/wp-content\\\/uploads\\\/2025\\\/10\\\/Logo-Safeway-1200.png\",\"width\":1200,\"height\":340,\"caption\":\"Safe Way Gest\u00e3o de Recursos Financeiros\"},\"image\":{\"@id\":\"https:\\\/\\\/thesafeway.com.br\\\/#\\\/schema\\\/logo\\\/image\\\/\"},\"sameAs\":[\"https:\\\/\\\/www.linkedin.com\\\/company\\\/safewaypagamentos\\\/\",\"https:\\\/\\\/www.instagram.com\\\/safewaypagamentos\\\/\"]}]}<\/script>\n<!-- \/ Yoast SEO plugin. -->","yoast_head_json":{"title":"Compliance - SafeWay","robots":{"index":"index","follow":"follow","max-snippet":"max-snippet:-1","max-image-preview":"max-image-preview:large","max-video-preview":"max-video-preview:-1"},"canonical":"https:\/\/thesafeway.com.br\/en\/compliance\/","og_locale":"en_US","og_type":"article","og_title":"Compliance - SafeWay","og_description":"Compliance que protege seu neg\u00f3cio Transpar\u00eancia e responsabilidade em cada decis\u00e3o. Na Safeway, seguimos rigorosos padr\u00f5es de compliance e governan\u00e7a corporativa. Aqui voc\u00ea encontra nossas pol\u00edticas, que refor\u00e7am o compromisso com \u00e9tica, integridade e conformidade regulat\u00f3ria em todas as opera\u00e7\u00f5es. C\u00f3digo de \u00e9tica e conduta Pol\u00edtica corporativa de seguran\u00e7a da informa\u00e7\u00e3o Pol\u00edtica de contrata\u00e7\u00e3o de [&hellip;]","og_url":"https:\/\/thesafeway.com.br\/en\/compliance\/","og_site_name":"SafeWay","article_modified_time":"2025-11-11T18:01:28+00:00","og_image":[{"width":512,"height":512,"url":"https:\/\/thesafeway.com.br\/wp-content\/uploads\/2025\/08\/Ico-Safeway-512.png","type":"image\/png"}],"twitter_card":"summary_large_image","twitter_misc":{"Est. reading time":"2 minutes"},"schema":{"@context":"https:\/\/schema.org","@graph":[{"@type":"WebPage","@id":"https:\/\/thesafeway.com.br\/compliance\/","url":"https:\/\/thesafeway.com.br\/compliance\/","name":"Compliance - SafeWay","isPartOf":{"@id":"https:\/\/thesafeway.com.br\/#website"},"primaryImageOfPage":{"@id":"https:\/\/thesafeway.com.br\/compliance\/#primaryimage"},"image":{"@id":"https:\/\/thesafeway.com.br\/compliance\/#primaryimage"},"thumbnailUrl":"https:\/\/thesafeway.com.br\/wp-content\/uploads\/2025\/08\/Ico-Safeway-512.png","datePublished":"2025-09-11T15:30:48+00:00","dateModified":"2025-11-11T18:01:28+00:00","breadcrumb":{"@id":"https:\/\/thesafeway.com.br\/compliance\/#breadcrumb"},"inLanguage":"en-US","potentialAction":[{"@type":"ReadAction","target":["https:\/\/thesafeway.com.br\/compliance\/"]}]},{"@type":"ImageObject","inLanguage":"en-US","@id":"https:\/\/thesafeway.com.br\/compliance\/#primaryimage","url":"https:\/\/thesafeway.com.br\/wp-content\/uploads\/2025\/08\/Ico-Safeway-512.png","contentUrl":"https:\/\/thesafeway.com.br\/wp-content\/uploads\/2025\/08\/Ico-Safeway-512.png","width":512,"height":512},{"@type":"BreadcrumbList","@id":"https:\/\/thesafeway.com.br\/compliance\/#breadcrumb","itemListElement":[{"@type":"ListItem","position":1,"name":"In\u00edcio","item":"https:\/\/thesafeway.com.br\/"},{"@type":"ListItem","position":2,"name":"Compliance"}]},{"@type":"WebSite","@id":"https:\/\/thesafeway.com.br\/#website","url":"https:\/\/thesafeway.com.br\/","name":"SafeWay","description":"Servi\u00e7os de Pagamento","publisher":{"@id":"https:\/\/thesafeway.com.br\/#organization"},"potentialAction":[{"@type":"SearchAction","target":{"@type":"EntryPoint","urlTemplate":"https:\/\/thesafeway.com.br\/?s={search_term_string}"},"query-input":{"@type":"PropertyValueSpecification","valueRequired":true,"valueName":"search_term_string"}}],"inLanguage":"en-US"},{"@type":"Organization","@id":"https:\/\/thesafeway.com.br\/#organization","name":"Safe Way Gest\u00e3o de Recursos Financeiros","url":"https:\/\/thesafeway.com.br\/","logo":{"@type":"ImageObject","inLanguage":"en-US","@id":"https:\/\/thesafeway.com.br\/#\/schema\/logo\/image\/","url":"https:\/\/thesafeway.com.br\/wp-content\/uploads\/2025\/10\/Logo-Safeway-1200.png","contentUrl":"https:\/\/thesafeway.com.br\/wp-content\/uploads\/2025\/10\/Logo-Safeway-1200.png","width":1200,"height":340,"caption":"Safe Way Gest\u00e3o de Recursos Financeiros"},"image":{"@id":"https:\/\/thesafeway.com.br\/#\/schema\/logo\/image\/"},"sameAs":["https:\/\/www.linkedin.com\/company\/safewaypagamentos\/","https:\/\/www.instagram.com\/safewaypagamentos\/"]}]}},"_links":{"self":[{"href":"https:\/\/thesafeway.com.br\/en\/wp-json\/wp\/v2\/pages\/1722","targetHints":{"allow":["GET"]}}],"collection":[{"href":"https:\/\/thesafeway.com.br\/en\/wp-json\/wp\/v2\/pages"}],"about":[{"href":"https:\/\/thesafeway.com.br\/en\/wp-json\/wp\/v2\/types\/page"}],"author":[{"embeddable":true,"href":"https:\/\/thesafeway.com.br\/en\/wp-json\/wp\/v2\/users\/1"}],"replies":[{"embeddable":true,"href":"https:\/\/thesafeway.com.br\/en\/wp-json\/wp\/v2\/comments?post=1722"}],"version-history":[{"count":113,"href":"https:\/\/thesafeway.com.br\/en\/wp-json\/wp\/v2\/pages\/1722\/revisions"}],"predecessor-version":[{"id":2908,"href":"https:\/\/thesafeway.com.br\/en\/wp-json\/wp\/v2\/pages\/1722\/revisions\/2908"}],"wp:featuredmedia":[{"embeddable":true,"href":"https:\/\/thesafeway.com.br\/en\/wp-json\/wp\/v2\/media\/801"}],"wp:attachment":[{"href":"https:\/\/thesafeway.com.br\/en\/wp-json\/wp\/v2\/media?parent=1722"}],"curies":[{"name":"wp","href":"https:\/\/api.w.org\/{rel}","templated":true}]}}