{"id":8,"date":"2025-08-18T13:33:44","date_gmt":"2025-08-18T13:33:44","guid":{"rendered":"https:\/\/thesafeway.com.br\/?page_id=8"},"modified":"2025-11-25T14:38:06","modified_gmt":"2025-11-25T17:38:06","slug":"solucoes","status":"publish","type":"page","link":"https:\/\/thesafeway.com.br\/en\/solucoes\/","title":{"rendered":"Solutions"},"content":{"rendered":"<div data-elementor-type=\"wp-page\" data-elementor-id=\"8\" class=\"elementor elementor-8\" data-elementor-post-type=\"page\">\n\t\t\t\t<div class=\"elementor-element elementor-element-f16b434 e-flex e-con-boxed e-con e-parent\" data-id=\"f16b434\" data-element_type=\"container\" data-e-type=\"container\" data-settings=\"{&quot;background_background&quot;:&quot;classic&quot;}\">\n\t\t\t\t\t<div class=\"e-con-inner\">\n\t\t<div class=\"elementor-element elementor-element-e7411fd e-flex e-con-boxed e-con e-child\" data-id=\"e7411fd\" data-element_type=\"container\" data-e-type=\"container\">\n\t\t\t\t\t<div class=\"e-con-inner\">\n\t\t<div class=\"elementor-element elementor-element-90f68f0 e-con-full e-flex e-con e-child\" data-id=\"90f68f0\" data-element_type=\"container\" data-e-type=\"container\">\n\t\t\t\t<div class=\"elementor-element elementor-element-93d4b9c animated-fast elementor-widget-mobile__width-inherit elementor-invisible elementor-widget elementor-widget-heading\" data-id=\"93d4b9c\" data-element_type=\"widget\" data-e-type=\"widget\" data-settings=\"{&quot;_animation&quot;:&quot;fadeInLeft&quot;}\" data-widget_type=\"heading.default\">\n\t\t\t\t\t<h2 class=\"elementor-heading-title elementor-size-default\">Solutions<\/h2>\t\t\t\t<\/div>\n\t\t\t\t<div class=\"elementor-element elementor-element-1d1cf63 elementor-widget__width-initial elementor-invisible elementor-widget elementor-widget-heading\" data-id=\"1d1cf63\" data-element_type=\"widget\" data-e-type=\"widget\" data-settings=\"{&quot;_animation&quot;:&quot;fadeInDown&quot;,&quot;_animation_delay&quot;:200}\" data-widget_type=\"heading.default\">\n\t\t\t\t\t<div class=\"elementor-heading-title elementor-size-default\">Financial infrastructure to scale large volumes.<br>Tailor-made proprietary technology, robust compliance and advisory support.<\/div>\t\t\t\t<\/div>\n\t\t\t\t<\/div>\n\t\t\t\t\t<\/div>\n\t\t\t\t<\/div>\n\t\t\t\t\t<\/div>\n\t\t\t\t<\/div>\n\t\t<div class=\"elementor-element elementor-element-0e4e190 e-flex e-con-boxed e-con e-parent\" data-id=\"0e4e190\" data-element_type=\"container\" data-e-type=\"container\">\n\t\t\t\t\t<div class=\"e-con-inner\">\n\t\t\t\t<div class=\"elementor-element elementor-element-1e8abbc elementor-widget elementor-widget-spacer\" data-id=\"1e8abbc\" data-element_type=\"widget\" data-e-type=\"widget\" data-widget_type=\"spacer.default\">\n\t\t\t\t\t\t\t<div class=\"elementor-spacer\">\n\t\t\t<div class=\"elementor-spacer-inner\"><\/div>\n\t\t<\/div>\n\t\t\t\t\t\t<\/div>\n\t\t<div class=\"elementor-element elementor-element-c0c57e7 e-grid e-con-full e-con e-child\" data-id=\"c0c57e7\" data-element_type=\"container\" data-e-type=\"container\">\n\t\t\t\t<div class=\"elementor-element elementor-element-a45d824 animated-slow e-transform elementor-position-top elementor-widget elementor-widget-image-box\" data-id=\"a45d824\" data-element_type=\"widget\" data-e-type=\"widget\" data-settings=\"{&quot;_animation&quot;:&quot;none&quot;,&quot;_transform_scale_effect_hover&quot;:{&quot;unit&quot;:&quot;px&quot;,&quot;size&quot;:1.04000000000000003552713678800500929355621337890625,&quot;sizes&quot;:[]},&quot;_transform_scale_effect_hover_tablet&quot;:{&quot;unit&quot;:&quot;px&quot;,&quot;size&quot;:&quot;&quot;,&quot;sizes&quot;:[]},&quot;_transform_scale_effect_hover_mobile&quot;:{&quot;unit&quot;:&quot;px&quot;,&quot;size&quot;:&quot;&quot;,&quot;sizes&quot;:[]}}\" data-widget_type=\"image-box.default\">\n\t\t\t\t\t<div class=\"elementor-image-box-wrapper\"><figure class=\"elementor-image-box-img\"><img decoding=\"async\" width=\"128\" height=\"128\" src=\"https:\/\/thesafeway.com.br\/wp-content\/uploads\/2025\/08\/ico-ecommerce.png\" class=\"attachment-full size-full wp-image-484\" alt=\"\" \/><\/figure><div class=\"elementor-image-box-content\"><h3 class=\"elementor-image-box-title\">Integrated<br>Checkout<\/h3><p class=\"elementor-image-box-description\">Offer a seamless shopping experience with high conversion rates and support for multiple payment methods.<\/p><\/div><\/div>\t\t\t\t<\/div>\n\t\t\t\t<div class=\"elementor-element elementor-element-85bf7a8 animated-slow e-transform elementor-position-top elementor-widget elementor-widget-image-box\" data-id=\"85bf7a8\" data-element_type=\"widget\" data-e-type=\"widget\" data-settings=\"{&quot;_animation&quot;:&quot;none&quot;,&quot;_transform_scale_effect_hover&quot;:{&quot;unit&quot;:&quot;px&quot;,&quot;size&quot;:1.04000000000000003552713678800500929355621337890625,&quot;sizes&quot;:[]},&quot;_transform_scale_effect_hover_tablet&quot;:{&quot;unit&quot;:&quot;px&quot;,&quot;size&quot;:&quot;&quot;,&quot;sizes&quot;:[]},&quot;_transform_scale_effect_hover_mobile&quot;:{&quot;unit&quot;:&quot;px&quot;,&quot;size&quot;:&quot;&quot;,&quot;sizes&quot;:[]}}\" data-widget_type=\"image-box.default\">\n\t\t\t\t\t<div class=\"elementor-image-box-wrapper\"><figure class=\"elementor-image-box-img\"><img decoding=\"async\" width=\"128\" height=\"128\" src=\"https:\/\/thesafeway.com.br\/wp-content\/uploads\/2025\/08\/ico-split.png\" class=\"attachment-full size-full wp-image-486\" alt=\"\" \/><\/figure><div class=\"elementor-image-box-content\"><h3 class=\"elementor-image-box-title\">Payment<br>Split<\/h3><p class=\"elementor-image-box-description\">Automatically distribute amounts among different recipients with total security and transparency.<\/p><\/div><\/div>\t\t\t\t<\/div>\n\t\t\t\t<div class=\"elementor-element elementor-element-103b952 animated-slow e-transform elementor-position-top elementor-widget elementor-widget-image-box\" data-id=\"103b952\" data-element_type=\"widget\" data-e-type=\"widget\" data-settings=\"{&quot;_animation&quot;:&quot;none&quot;,&quot;_transform_scale_effect_hover&quot;:{&quot;unit&quot;:&quot;px&quot;,&quot;size&quot;:1.04000000000000003552713678800500929355621337890625,&quot;sizes&quot;:[]},&quot;_transform_scale_effect_hover_tablet&quot;:{&quot;unit&quot;:&quot;px&quot;,&quot;size&quot;:&quot;&quot;,&quot;sizes&quot;:[]},&quot;_transform_scale_effect_hover_mobile&quot;:{&quot;unit&quot;:&quot;px&quot;,&quot;size&quot;:&quot;&quot;,&quot;sizes&quot;:[]}}\" data-widget_type=\"image-box.default\">\n\t\t\t\t\t<div class=\"elementor-image-box-wrapper\"><figure class=\"elementor-image-box-img\"><img decoding=\"async\" width=\"128\" height=\"128\" src=\"https:\/\/thesafeway.com.br\/wp-content\/uploads\/2025\/08\/ico-antifraud.png\" class=\"attachment-full size-full wp-image-488\" alt=\"\" \/><\/figure><div class=\"elementor-image-box-content\"><h3 class=\"elementor-image-box-title\">Smart<br>Anti-Fraud<\/h3><p class=\"elementor-image-box-description\">Detect and block suspicious transactions in real time, reducing chargebacks and losses.<\/p><\/div><\/div>\t\t\t\t<\/div>\n\t\t\t\t<div class=\"elementor-element elementor-element-0bf23fa animated-slow e-transform elementor-position-top elementor-widget elementor-widget-image-box\" data-id=\"0bf23fa\" data-element_type=\"widget\" data-e-type=\"widget\" data-settings=\"{&quot;_animation&quot;:&quot;none&quot;,&quot;_transform_scale_effect_hover&quot;:{&quot;unit&quot;:&quot;px&quot;,&quot;size&quot;:1.04000000000000003552713678800500929355621337890625,&quot;sizes&quot;:[]},&quot;_transform_scale_effect_hover_tablet&quot;:{&quot;unit&quot;:&quot;px&quot;,&quot;size&quot;:&quot;&quot;,&quot;sizes&quot;:[]},&quot;_transform_scale_effect_hover_mobile&quot;:{&quot;unit&quot;:&quot;px&quot;,&quot;size&quot;:&quot;&quot;,&quot;sizes&quot;:[]}}\" data-widget_type=\"image-box.default\">\n\t\t\t\t\t<div class=\"elementor-image-box-wrapper\"><figure class=\"elementor-image-box-img\"><img loading=\"lazy\" decoding=\"async\" width=\"128\" height=\"128\" src=\"https:\/\/thesafeway.com.br\/wp-content\/uploads\/2025\/08\/ico-liquidacao.png\" class=\"attachment-full size-full wp-image-495\" alt=\"\" \/><\/figure><div class=\"elementor-image-box-content\"><h3 class=\"elementor-image-box-title\">Automatic<br>Settlement<\/h3><p class=\"elementor-image-box-description\">Automate the settlement of your receivables with full control over dates, amounts, and destinations.<\/p><\/div><\/div>\t\t\t\t<\/div>\n\t\t\t\t<div class=\"elementor-element elementor-element-4d7d554 animated-slow e-transform elementor-position-top elementor-widget elementor-widget-image-box\" data-id=\"4d7d554\" data-element_type=\"widget\" data-e-type=\"widget\" data-settings=\"{&quot;_animation&quot;:&quot;none&quot;,&quot;_transform_scale_effect_hover&quot;:{&quot;unit&quot;:&quot;px&quot;,&quot;size&quot;:1.04000000000000003552713678800500929355621337890625,&quot;sizes&quot;:[]},&quot;_transform_scale_effect_hover_tablet&quot;:{&quot;unit&quot;:&quot;px&quot;,&quot;size&quot;:&quot;&quot;,&quot;sizes&quot;:[]},&quot;_transform_scale_effect_hover_mobile&quot;:{&quot;unit&quot;:&quot;px&quot;,&quot;size&quot;:&quot;&quot;,&quot;sizes&quot;:[]}}\" data-widget_type=\"image-box.default\">\n\t\t\t\t\t<div class=\"elementor-image-box-wrapper\"><figure class=\"elementor-image-box-img\"><img loading=\"lazy\" decoding=\"async\" width=\"128\" height=\"128\" src=\"https:\/\/thesafeway.com.br\/wp-content\/uploads\/2025\/08\/ico-api-2.png\" class=\"attachment-full size-full wp-image-348\" alt=\"\" \/><\/figure><div class=\"elementor-image-box-content\"><h3 class=\"elementor-image-box-title\">Single and<br>Centralized API<\/h3><p class=\"elementor-image-box-description\">Integrate your operation with a complete, well-documented API compatible with multiple platforms.<\/p><\/div><\/div>\t\t\t\t<\/div>\n\t\t\t\t<div class=\"elementor-element elementor-element-1b66d14 animated-slow e-transform elementor-position-top elementor-widget elementor-widget-image-box\" data-id=\"1b66d14\" data-element_type=\"widget\" data-e-type=\"widget\" data-settings=\"{&quot;_animation&quot;:&quot;none&quot;,&quot;_transform_scale_effect_hover&quot;:{&quot;unit&quot;:&quot;px&quot;,&quot;size&quot;:1.04000000000000003552713678800500929355621337890625,&quot;sizes&quot;:[]},&quot;_transform_scale_effect_hover_tablet&quot;:{&quot;unit&quot;:&quot;px&quot;,&quot;size&quot;:&quot;&quot;,&quot;sizes&quot;:[]},&quot;_transform_scale_effect_hover_mobile&quot;:{&quot;unit&quot;:&quot;px&quot;,&quot;size&quot;:&quot;&quot;,&quot;sizes&quot;:[]}}\" data-widget_type=\"image-box.default\">\n\t\t\t\t\t<div class=\"elementor-image-box-wrapper\"><figure class=\"elementor-image-box-img\"><img loading=\"lazy\" decoding=\"async\" width=\"128\" height=\"128\" src=\"https:\/\/thesafeway.com.br\/wp-content\/uploads\/2025\/08\/ico-compliance.png\" class=\"attachment-full size-full wp-image-502\" alt=\"\" \/><\/figure><div class=\"elementor-image-box-content\"><h3 class=\"elementor-image-box-title\">Compliance<br>as a Service<\/h3><p class=\"elementor-image-box-description\">Ensure regulatory compliance without bureaucracy, with fast processes and continuous monitoring.<\/p><\/div><\/div>\t\t\t\t<\/div>\n\t\t\t\t<div class=\"elementor-element elementor-element-ba61337 animated-slow e-transform elementor-position-top elementor-widget elementor-widget-image-box\" data-id=\"ba61337\" data-element_type=\"widget\" data-e-type=\"widget\" data-settings=\"{&quot;_animation&quot;:&quot;none&quot;,&quot;_transform_scale_effect_hover&quot;:{&quot;unit&quot;:&quot;px&quot;,&quot;size&quot;:1.04000000000000003552713678800500929355621337890625,&quot;sizes&quot;:[]},&quot;_transform_scale_effect_hover_tablet&quot;:{&quot;unit&quot;:&quot;px&quot;,&quot;size&quot;:&quot;&quot;,&quot;sizes&quot;:[]},&quot;_transform_scale_effect_hover_mobile&quot;:{&quot;unit&quot;:&quot;px&quot;,&quot;size&quot;:&quot;&quot;,&quot;sizes&quot;:[]}}\" data-widget_type=\"image-box.default\">\n\t\t\t\t\t<div class=\"elementor-image-box-wrapper\"><figure class=\"elementor-image-box-img\"><img loading=\"lazy\" decoding=\"async\" width=\"128\" height=\"128\" src=\"https:\/\/thesafeway.com.br\/wp-content\/uploads\/2025\/08\/ico-nao_residente.png\" class=\"attachment-full size-full wp-image-506\" alt=\"\" \/><\/figure><div class=\"elementor-image-box-content\"><h3 class=\"elementor-image-box-title\">Non-Resident <br>Account<\/h3><p class=\"elementor-image-box-description\">Open your non-resident account safely and quickly.<\/p><\/div><\/div>\t\t\t\t<\/div>\n\t\t\t\t<div class=\"elementor-element elementor-element-862624e animated-slow e-transform elementor-position-top elementor-widget elementor-widget-image-box\" data-id=\"862624e\" data-element_type=\"widget\" data-e-type=\"widget\" data-settings=\"{&quot;_animation&quot;:&quot;none&quot;,&quot;_transform_scale_effect_hover&quot;:{&quot;unit&quot;:&quot;px&quot;,&quot;size&quot;:1.04000000000000003552713678800500929355621337890625,&quot;sizes&quot;:[]},&quot;_transform_scale_effect_hover_tablet&quot;:{&quot;unit&quot;:&quot;px&quot;,&quot;size&quot;:&quot;&quot;,&quot;sizes&quot;:[]},&quot;_transform_scale_effect_hover_mobile&quot;:{&quot;unit&quot;:&quot;px&quot;,&quot;size&quot;:&quot;&quot;,&quot;sizes&quot;:[]}}\" data-widget_type=\"image-box.default\">\n\t\t\t\t\t<div class=\"elementor-image-box-wrapper\"><figure class=\"elementor-image-box-img\"><img loading=\"lazy\" decoding=\"async\" width=\"128\" height=\"128\" src=\"https:\/\/thesafeway.com.br\/wp-content\/uploads\/2025\/08\/ico-cambio.png\" class=\"attachment-full size-full wp-image-511\" alt=\"\" \/><\/figure><div class=\"elementor-image-box-content\"><h3 class=\"elementor-image-box-title\">Simplified FX<\/h3><p class=\"elementor-image-box-description\">Perform foreign exchange operations quickly, transparently, and with competitive rates.<\/p><\/div><\/div>\t\t\t\t<\/div>\n\t\t\t\t<\/div>\n\t\t\t\t\t<\/div>\n\t\t\t\t<\/div>\n\t\t<div class=\"elementor-element elementor-element-7c72610 e-flex e-con-boxed e-con e-parent\" data-id=\"7c72610\" data-element_type=\"container\" data-e-type=\"container\">\n\t\t\t\t\t<div class=\"e-con-inner\">\n\t\t\t\t<div class=\"elementor-element elementor-element-b5b6c97 elementor-widget elementor-widget-spacer\" data-id=\"b5b6c97\" data-element_type=\"widget\" data-e-type=\"widget\" data-widget_type=\"spacer.default\">\n\t\t\t\t\t\t\t<div class=\"elementor-spacer\">\n\t\t\t<div class=\"elementor-spacer-inner\"><\/div>\n\t\t<\/div>\n\t\t\t\t\t\t<\/div>\n\t\t\t\t\t<\/div>\n\t\t\t\t<\/div>\n\t\t<div class=\"elementor-element elementor-element-b424ba8 e-flex e-con-boxed e-con e-parent\" data-id=\"b424ba8\" data-element_type=\"container\" data-e-type=\"container\" data-settings=\"{&quot;background_background&quot;:&quot;classic&quot;}\">\n\t\t\t\t\t<div class=\"e-con-inner\">\n\t\t<div class=\"elementor-element elementor-element-e24bc45 e-con-full e-flex elementor-invisible e-con e-child\" data-id=\"e24bc45\" data-element_type=\"container\" data-e-type=\"container\" data-settings=\"{&quot;animation&quot;:&quot;fadeInLeft&quot;}\">\n\t\t\t\t<div class=\"elementor-element elementor-element-301c90c elementor-widget elementor-widget-heading\" data-id=\"301c90c\" data-element_type=\"widget\" data-e-type=\"widget\" data-widget_type=\"heading.default\">\n\t\t\t\t\t<div class=\"elementor-heading-title elementor-size-default\">Talk to a specialist<\/div>\t\t\t\t<\/div>\n\t\t\t\t<div class=\"elementor-element elementor-element-7b70a75 elementor-widget-mobile__width-initial elementor-widget elementor-widget-text-editor\" data-id=\"7b70a75\" data-element_type=\"widget\" data-e-type=\"widget\" data-widget_type=\"text-editor.default\">\n\t\t\t\t\t\t\t\t\t<p>To learn more about our solutions and business opportunities.<\/p>\t\t\t\t\t\t\t\t<\/div>\n\t\t\t\t<div class=\"elementor-element elementor-element-125554b elementor-mobile-align-center elementor-align-center elementor-widget elementor-widget-button\" data-id=\"125554b\" data-element_type=\"widget\" data-e-type=\"widget\" data-widget_type=\"button.default\">\n\t\t\t\t\t\t\t\t\t\t<a class=\"elementor-button elementor-button-link elementor-size-sm\" href=\"https:\/\/wa.me\/5511970450169\" target=\"_blank\">\n\t\t\t\t\t\t<span class=\"elementor-button-content-wrapper\">\n\t\t\t\t\t\t\t\t\t<span class=\"elementor-button-text\">Contact<\/span>\n\t\t\t\t\t<\/span>\n\t\t\t\t\t<\/a>\n\t\t\t\t\t\t\t\t<\/div>\n\t\t\t\t<\/div>\n\t\t<div class=\"elementor-element elementor-element-648fac1 e-con-full e-flex elementor-invisible e-con e-child\" data-id=\"648fac1\" data-element_type=\"container\" data-e-type=\"container\" data-settings=\"{&quot;animation&quot;:&quot;fadeInRight&quot;,&quot;background_background&quot;:&quot;classic&quot;}\">\n\t\t\t\t<\/div>\n\t\t\t\t\t<\/div>\n\t\t\t\t<\/div>\n\t\t\t\t<\/div>","protected":false},"excerpt":{"rendered":"<p>Solu\u00e7\u00f5es Infraestrutura financeira para escalar grandes volumes.Tecnologia propriet\u00e1ria sob medida, compliance robusto e suporte consultivo. CheckoutIntegrado Ofere\u00e7a uma experi\u00eancia de compra fluida, com alta taxa de convers\u00e3o e suporte a m\u00faltiplos m\u00e9todos de pagamento. Split dePagamento Distribua automaticamente os valores entre diferentes recebedores com total seguran\u00e7a e transpar\u00eancia. AntifraudeInteligente Detecte e bloqueie transa\u00e7\u00f5es suspeitas em [&hellip;]<\/p>\n","protected":false},"author":1,"featured_media":801,"parent":0,"menu_order":0,"comment_status":"closed","ping_status":"closed","template":"","meta":{"footnotes":""},"class_list":["post-8","page","type-page","status-publish","has-post-thumbnail","hentry"],"yoast_head":"<!-- This site is optimized with the Yoast SEO plugin v27.3 - https:\/\/yoast.com\/product\/yoast-seo-wordpress\/ -->\n<title>Solu\u00e7\u00f5es - SafeWay<\/title>\n<meta name=\"robots\" content=\"index, follow, max-snippet:-1, max-image-preview:large, max-video-preview:-1\" \/>\n<link rel=\"canonical\" href=\"https:\/\/thesafeway.com.br\/en\/solucoes\/\" \/>\n<meta property=\"og:locale\" content=\"en_US\" \/>\n<meta property=\"og:type\" content=\"article\" \/>\n<meta property=\"og:title\" content=\"Solu\u00e7\u00f5es - SafeWay\" \/>\n<meta property=\"og:description\" content=\"Solu\u00e7\u00f5es Infraestrutura financeira para escalar grandes volumes.Tecnologia propriet\u00e1ria sob medida, compliance robusto e suporte consultivo. CheckoutIntegrado Ofere\u00e7a uma experi\u00eancia de compra fluida, com alta taxa de convers\u00e3o e suporte a m\u00faltiplos m\u00e9todos de pagamento. Split dePagamento Distribua automaticamente os valores entre diferentes recebedores com total seguran\u00e7a e transpar\u00eancia. AntifraudeInteligente Detecte e bloqueie transa\u00e7\u00f5es suspeitas em [&hellip;]\" \/>\n<meta property=\"og:url\" content=\"https:\/\/thesafeway.com.br\/en\/solucoes\/\" \/>\n<meta property=\"og:site_name\" content=\"SafeWay\" \/>\n<meta property=\"article:modified_time\" content=\"2025-11-25T17:38:06+00:00\" \/>\n<meta property=\"og:image\" content=\"https:\/\/thesafeway.com.br\/wp-content\/uploads\/2025\/08\/Ico-Safeway-512.png\" \/>\n\t<meta property=\"og:image:width\" content=\"512\" \/>\n\t<meta property=\"og:image:height\" content=\"512\" \/>\n\t<meta property=\"og:image:type\" content=\"image\/png\" \/>\n<meta name=\"twitter:card\" content=\"summary_large_image\" \/>\n<meta name=\"twitter:label1\" content=\"Est. reading time\" \/>\n\t<meta name=\"twitter:data1\" content=\"3 minutes\" \/>\n<script type=\"application\/ld+json\" class=\"yoast-schema-graph\">{\"@context\":\"https:\\\/\\\/schema.org\",\"@graph\":[{\"@type\":\"WebPage\",\"@id\":\"https:\\\/\\\/thesafeway.com.br\\\/solucoes\\\/\",\"url\":\"https:\\\/\\\/thesafeway.com.br\\\/solucoes\\\/\",\"name\":\"Solu\u00e7\u00f5es - SafeWay\",\"isPartOf\":{\"@id\":\"https:\\\/\\\/thesafeway.com.br\\\/#website\"},\"primaryImageOfPage\":{\"@id\":\"https:\\\/\\\/thesafeway.com.br\\\/solucoes\\\/#primaryimage\"},\"image\":{\"@id\":\"https:\\\/\\\/thesafeway.com.br\\\/solucoes\\\/#primaryimage\"},\"thumbnailUrl\":\"https:\\\/\\\/thesafeway.com.br\\\/wp-content\\\/uploads\\\/2025\\\/08\\\/Ico-Safeway-512.png\",\"datePublished\":\"2025-08-18T13:33:44+00:00\",\"dateModified\":\"2025-11-25T17:38:06+00:00\",\"breadcrumb\":{\"@id\":\"https:\\\/\\\/thesafeway.com.br\\\/solucoes\\\/#breadcrumb\"},\"inLanguage\":\"en-US\",\"potentialAction\":[{\"@type\":\"ReadAction\",\"target\":[\"https:\\\/\\\/thesafeway.com.br\\\/solucoes\\\/\"]}]},{\"@type\":\"ImageObject\",\"inLanguage\":\"en-US\",\"@id\":\"https:\\\/\\\/thesafeway.com.br\\\/solucoes\\\/#primaryimage\",\"url\":\"https:\\\/\\\/thesafeway.com.br\\\/wp-content\\\/uploads\\\/2025\\\/08\\\/Ico-Safeway-512.png\",\"contentUrl\":\"https:\\\/\\\/thesafeway.com.br\\\/wp-content\\\/uploads\\\/2025\\\/08\\\/Ico-Safeway-512.png\",\"width\":512,\"height\":512},{\"@type\":\"BreadcrumbList\",\"@id\":\"https:\\\/\\\/thesafeway.com.br\\\/solucoes\\\/#breadcrumb\",\"itemListElement\":[{\"@type\":\"ListItem\",\"position\":1,\"name\":\"In\u00edcio\",\"item\":\"https:\\\/\\\/thesafeway.com.br\\\/\"},{\"@type\":\"ListItem\",\"position\":2,\"name\":\"Solu\u00e7\u00f5es\"}]},{\"@type\":\"WebSite\",\"@id\":\"https:\\\/\\\/thesafeway.com.br\\\/#website\",\"url\":\"https:\\\/\\\/thesafeway.com.br\\\/\",\"name\":\"SafeWay\",\"description\":\"Servi\u00e7os de Pagamento\",\"publisher\":{\"@id\":\"https:\\\/\\\/thesafeway.com.br\\\/#organization\"},\"potentialAction\":[{\"@type\":\"SearchAction\",\"target\":{\"@type\":\"EntryPoint\",\"urlTemplate\":\"https:\\\/\\\/thesafeway.com.br\\\/?s={search_term_string}\"},\"query-input\":{\"@type\":\"PropertyValueSpecification\",\"valueRequired\":true,\"valueName\":\"search_term_string\"}}],\"inLanguage\":\"en-US\"},{\"@type\":\"Organization\",\"@id\":\"https:\\\/\\\/thesafeway.com.br\\\/#organization\",\"name\":\"Safe Way Gest\u00e3o de Recursos Financeiros\",\"url\":\"https:\\\/\\\/thesafeway.com.br\\\/\",\"logo\":{\"@type\":\"ImageObject\",\"inLanguage\":\"en-US\",\"@id\":\"https:\\\/\\\/thesafeway.com.br\\\/#\\\/schema\\\/logo\\\/image\\\/\",\"url\":\"https:\\\/\\\/thesafeway.com.br\\\/wp-content\\\/uploads\\\/2025\\\/10\\\/Logo-Safeway-1200.png\",\"contentUrl\":\"https:\\\/\\\/thesafeway.com.br\\\/wp-content\\\/uploads\\\/2025\\\/10\\\/Logo-Safeway-1200.png\",\"width\":1200,\"height\":340,\"caption\":\"Safe Way Gest\u00e3o de Recursos Financeiros\"},\"image\":{\"@id\":\"https:\\\/\\\/thesafeway.com.br\\\/#\\\/schema\\\/logo\\\/image\\\/\"},\"sameAs\":[\"https:\\\/\\\/www.linkedin.com\\\/company\\\/safewaypagamentos\\\/\",\"https:\\\/\\\/www.instagram.com\\\/safewaypagamentos\\\/\"]}]}<\/script>\n<!-- \/ Yoast SEO plugin. -->","yoast_head_json":{"title":"Solu\u00e7\u00f5es - SafeWay","robots":{"index":"index","follow":"follow","max-snippet":"max-snippet:-1","max-image-preview":"max-image-preview:large","max-video-preview":"max-video-preview:-1"},"canonical":"https:\/\/thesafeway.com.br\/en\/solucoes\/","og_locale":"en_US","og_type":"article","og_title":"Solu\u00e7\u00f5es - SafeWay","og_description":"Solu\u00e7\u00f5es Infraestrutura financeira para escalar grandes volumes.Tecnologia propriet\u00e1ria sob medida, compliance robusto e suporte consultivo. CheckoutIntegrado Ofere\u00e7a uma experi\u00eancia de compra fluida, com alta taxa de convers\u00e3o e suporte a m\u00faltiplos m\u00e9todos de pagamento. Split dePagamento Distribua automaticamente os valores entre diferentes recebedores com total seguran\u00e7a e transpar\u00eancia. AntifraudeInteligente Detecte e bloqueie transa\u00e7\u00f5es suspeitas em [&hellip;]","og_url":"https:\/\/thesafeway.com.br\/en\/solucoes\/","og_site_name":"SafeWay","article_modified_time":"2025-11-25T17:38:06+00:00","og_image":[{"width":512,"height":512,"url":"https:\/\/thesafeway.com.br\/wp-content\/uploads\/2025\/08\/Ico-Safeway-512.png","type":"image\/png"}],"twitter_card":"summary_large_image","twitter_misc":{"Est. reading time":"3 minutes"},"schema":{"@context":"https:\/\/schema.org","@graph":[{"@type":"WebPage","@id":"https:\/\/thesafeway.com.br\/solucoes\/","url":"https:\/\/thesafeway.com.br\/solucoes\/","name":"Solu\u00e7\u00f5es - SafeWay","isPartOf":{"@id":"https:\/\/thesafeway.com.br\/#website"},"primaryImageOfPage":{"@id":"https:\/\/thesafeway.com.br\/solucoes\/#primaryimage"},"image":{"@id":"https:\/\/thesafeway.com.br\/solucoes\/#primaryimage"},"thumbnailUrl":"https:\/\/thesafeway.com.br\/wp-content\/uploads\/2025\/08\/Ico-Safeway-512.png","datePublished":"2025-08-18T13:33:44+00:00","dateModified":"2025-11-25T17:38:06+00:00","breadcrumb":{"@id":"https:\/\/thesafeway.com.br\/solucoes\/#breadcrumb"},"inLanguage":"en-US","potentialAction":[{"@type":"ReadAction","target":["https:\/\/thesafeway.com.br\/solucoes\/"]}]},{"@type":"ImageObject","inLanguage":"en-US","@id":"https:\/\/thesafeway.com.br\/solucoes\/#primaryimage","url":"https:\/\/thesafeway.com.br\/wp-content\/uploads\/2025\/08\/Ico-Safeway-512.png","contentUrl":"https:\/\/thesafeway.com.br\/wp-content\/uploads\/2025\/08\/Ico-Safeway-512.png","width":512,"height":512},{"@type":"BreadcrumbList","@id":"https:\/\/thesafeway.com.br\/solucoes\/#breadcrumb","itemListElement":[{"@type":"ListItem","position":1,"name":"In\u00edcio","item":"https:\/\/thesafeway.com.br\/"},{"@type":"ListItem","position":2,"name":"Solu\u00e7\u00f5es"}]},{"@type":"WebSite","@id":"https:\/\/thesafeway.com.br\/#website","url":"https:\/\/thesafeway.com.br\/","name":"SafeWay","description":"Servi\u00e7os de Pagamento","publisher":{"@id":"https:\/\/thesafeway.com.br\/#organization"},"potentialAction":[{"@type":"SearchAction","target":{"@type":"EntryPoint","urlTemplate":"https:\/\/thesafeway.com.br\/?s={search_term_string}"},"query-input":{"@type":"PropertyValueSpecification","valueRequired":true,"valueName":"search_term_string"}}],"inLanguage":"en-US"},{"@type":"Organization","@id":"https:\/\/thesafeway.com.br\/#organization","name":"Safe Way Gest\u00e3o de Recursos Financeiros","url":"https:\/\/thesafeway.com.br\/","logo":{"@type":"ImageObject","inLanguage":"en-US","@id":"https:\/\/thesafeway.com.br\/#\/schema\/logo\/image\/","url":"https:\/\/thesafeway.com.br\/wp-content\/uploads\/2025\/10\/Logo-Safeway-1200.png","contentUrl":"https:\/\/thesafeway.com.br\/wp-content\/uploads\/2025\/10\/Logo-Safeway-1200.png","width":1200,"height":340,"caption":"Safe Way Gest\u00e3o de Recursos Financeiros"},"image":{"@id":"https:\/\/thesafeway.com.br\/#\/schema\/logo\/image\/"},"sameAs":["https:\/\/www.linkedin.com\/company\/safewaypagamentos\/","https:\/\/www.instagram.com\/safewaypagamentos\/"]}]}},"_links":{"self":[{"href":"https:\/\/thesafeway.com.br\/en\/wp-json\/wp\/v2\/pages\/8","targetHints":{"allow":["GET"]}}],"collection":[{"href":"https:\/\/thesafeway.com.br\/en\/wp-json\/wp\/v2\/pages"}],"about":[{"href":"https:\/\/thesafeway.com.br\/en\/wp-json\/wp\/v2\/types\/page"}],"author":[{"embeddable":true,"href":"https:\/\/thesafeway.com.br\/en\/wp-json\/wp\/v2\/users\/1"}],"replies":[{"embeddable":true,"href":"https:\/\/thesafeway.com.br\/en\/wp-json\/wp\/v2\/comments?post=8"}],"version-history":[{"count":187,"href":"https:\/\/thesafeway.com.br\/en\/wp-json\/wp\/v2\/pages\/8\/revisions"}],"predecessor-version":[{"id":2980,"href":"https:\/\/thesafeway.com.br\/en\/wp-json\/wp\/v2\/pages\/8\/revisions\/2980"}],"wp:featuredmedia":[{"embeddable":true,"href":"https:\/\/thesafeway.com.br\/en\/wp-json\/wp\/v2\/media\/801"}],"wp:attachment":[{"href":"https:\/\/thesafeway.com.br\/en\/wp-json\/wp\/v2\/media?parent=8"}],"curies":[{"name":"wp","href":"https:\/\/api.w.org\/{rel}","templated":true}]}}